{"id":9678,"date":"2024-12-02T11:40:52","date_gmt":"2024-12-02T10:40:52","guid":{"rendered":"https:\/\/odlicno.mojwww.si\/trgovina\/Bez kategorije\/biljke-su-dobre-pakiranje-proizvoda-excellent-ii-2150-g\/"},"modified":"2024-12-02T11:40:52","modified_gmt":"2024-12-02T10:40:52","slug":"biljke-su-dobre-pakiranje-proizvoda-excellent-ii-2150-g","status":"publish","type":"product","link":"https:\/\/odlicno.si\/hr\/proizvodi\/kuhanje\/biljke-su-dobre-pakiranje-proizvoda-excellent-ii-2150-g\/","title":{"rendered":"Biljke su dobre: \u200b\u200bpakiranje proizvoda Excellent II 2150 g"},"content":{"rendered":"<p>POSEBNA PONUDA!<\/p>\n<p> Naru\u010dite paket proizvoda s kojima mo\u017eete pripremati recepte iz <a href=\"https:\/\/rastlinesofine.si\/\">\u017danine cjelovite biljne kuharice.<\/a><\/p>\n","protected":false},"excerpt":{"rendered":"<p>POSEBNA PONUDA! Naru\u010dite paket proizvoda s kojima mo\u017eete pripremati recepte iz \u017danine cjelovite biljne kuharice.<\/p>\n","protected":false},"featured_media":5779,"template":"","meta":{"_acf_changed":false},"product_brand":[],"product_cat":[259,121],"product_tag":[],"class_list":{"0":"post-9678","1":"product","2":"type-product","3":"status-publish","4":"has-post-thumbnail","6":"product_cat-kuhanje","7":"product_cat-paketi","9":"first","10":"instock","11":"sale","12":"taxable","13":"shipping-taxable","14":"purchasable","15":"product-type-simple"},"acf":[],"mb":[],"jetpack_sharing_enabled":true,"mfb_rest_fields":["title","jetpack_sharing_enabled"],"_links":{"self":[{"href":"https:\/\/odlicno.si\/hr\/wp-json\/wp\/v2\/product\/9678","targetHints":{"allow":["GET"]}}],"collection":[{"href":"https:\/\/odlicno.si\/hr\/wp-json\/wp\/v2\/product"}],"about":[{"href":"https:\/\/odlicno.si\/hr\/wp-json\/wp\/v2\/types\/product"}],"wp:featuredmedia":[{"embeddable":true,"href":"https:\/\/odlicno.si\/hr\/wp-json\/wp\/v2\/media\/5779"}],"wp:attachment":[{"href":"https:\/\/odlicno.si\/hr\/wp-json\/wp\/v2\/media?parent=9678"}],"wp:term":[{"taxonomy":"product_brand","embeddable":true,"href":"https:\/\/odlicno.si\/hr\/wp-json\/wp\/v2\/product_brand?post=9678"},{"taxonomy":"product_cat","embeddable":true,"href":"https:\/\/odlicno.si\/hr\/wp-json\/wp\/v2\/product_cat?post=9678"},{"taxonomy":"product_tag","embeddable":true,"href":"https:\/\/odlicno.si\/hr\/wp-json\/wp\/v2\/product_tag?post=9678"}],"curies":[{"name":"wp","href":"https:\/\/api.w.org\/{rel}","templated":true}]}}