{"id":9672,"date":"2024-12-02T11:40:52","date_gmt":"2024-12-02T10:40:52","guid":{"rendered":"https:\/\/odlicno.mojwww.si\/trgovina\/Bez kategorije\/biljke-su-u-redu-pakiranje-proizvoda-excellent-i-5300-g\/"},"modified":"2024-12-02T11:40:52","modified_gmt":"2024-12-02T10:40:52","slug":"biljke-su-u-redu-pakiranje-proizvoda-excellent-i-5300-g","status":"publish","type":"product","link":"https:\/\/odlicno.si\/hr\/proizvodi\/kuhanje\/biljke-su-u-redu-pakiranje-proizvoda-excellent-i-5300-g\/","title":{"rendered":"Biljke su u redu: pakiranje proizvoda Excellent I 5300 g"},"content":{"rendered":"<p class=\"text-align-justify\">POSEBNA PONUDA!<br \/>\n Naru\u010dite paket proizvoda s kojima mo\u017eete pripremati recepte iz <a href=\"https:\/\/rastlinesofine.si\/\">\u017danine kuharice cjelovite biljne kuhinje<\/a> .<\/p>\n<p class=\"text-align-justify\"><strong>Knjiga recepata nije uklju\u010dena!<\/strong><\/p>\n<p>Paket sadr\u017ei:<\/p>\n<p><a href=\"\/izdelki\/oreski-semena\/indijski-orescki-odlicno-1000-g\">1 X INDIJSKI ORA\u0160I\u0106I 1000G ODLI\u010cNI<\/a><\/p>\n<p><a href=\"\/izdelki\/oreski-semena\/soncnicna-semena-oluscena-odlicno-1000-g\">1 X SJEME SUNCOKRETA 1000 G ODLI\u010cNO<\/a><\/p>\n<p><a href=\"\/izdelki\/oreski-semena\/lanena-semena-oluscena-odlicno-1000-g\">1 X SJEME LANA 1000 G ODLI\u010cNO<\/a><\/p>\n<p><a href=\"\/izdelki\/oreski-semena\/prazeni-arasidi-brez-dodanega-olja-soli-odlicno-1000-g\">1 X PE\u010cENI KIKIRIKI BEZ DODATA ULJA I SOLI 1000 G ODLI\u010cAN<\/a><\/p>\n<p><a href=\"\/izdelki\/namazi\/100-arasidov-namaz-odlicno-300-g\">2 X 100% NAMAZ OD KIKIRIKIJA 300G ODLI\u010cAN<\/a><\/p>\n<p><a href=\"\/izdelki\/bio\/bio-rdeca-leca\">1 X BIO CRVENA LE\u0106A 1000 G BIO ODLI\u010cNA<\/a><\/p>\n","protected":false},"excerpt":{"rendered":"<p>POSEBNA PONUDA! Naru\u010dite paket proizvoda s kojima mo\u017eete pripremati recepte iz \u017danine kuharice cjelovite biljne kuhinje . Knjiga recepata nije uklju\u010dena! Paket sadr\u017ei: 1 X INDIJSKI ORA\u0160I\u0106I 1000G ODLI\u010cNI 1 X SJEME SUNCOKRETA 1000 G ODLI\u010cNO 1 X SJEME LANA 1000 G ODLI\u010cNO 1 X PE\u010cENI KIKIRIKI BEZ DODATA ULJA I SOLI 1000 G ODLI\u010cAN [&hellip;]<\/p>\n","protected":false},"featured_media":5783,"template":"","meta":{"_acf_changed":false},"product_brand":[],"product_cat":[259,121],"product_tag":[],"class_list":{"0":"post-9672","1":"product","2":"type-product","3":"status-publish","4":"has-post-thumbnail","6":"product_cat-kuhanje","7":"product_cat-paketi","9":"first","10":"instock","11":"sale","12":"taxable","13":"shipping-taxable","14":"purchasable","15":"product-type-simple"},"acf":[],"mb":[],"jetpack_sharing_enabled":true,"mfb_rest_fields":["title","jetpack_sharing_enabled"],"_links":{"self":[{"href":"https:\/\/odlicno.si\/hr\/wp-json\/wp\/v2\/product\/9672","targetHints":{"allow":["GET"]}}],"collection":[{"href":"https:\/\/odlicno.si\/hr\/wp-json\/wp\/v2\/product"}],"about":[{"href":"https:\/\/odlicno.si\/hr\/wp-json\/wp\/v2\/types\/product"}],"wp:featuredmedia":[{"embeddable":true,"href":"https:\/\/odlicno.si\/hr\/wp-json\/wp\/v2\/media\/5783"}],"wp:attachment":[{"href":"https:\/\/odlicno.si\/hr\/wp-json\/wp\/v2\/media?parent=9672"}],"wp:term":[{"taxonomy":"product_brand","embeddable":true,"href":"https:\/\/odlicno.si\/hr\/wp-json\/wp\/v2\/product_brand?post=9672"},{"taxonomy":"product_cat","embeddable":true,"href":"https:\/\/odlicno.si\/hr\/wp-json\/wp\/v2\/product_cat?post=9672"},{"taxonomy":"product_tag","embeddable":true,"href":"https:\/\/odlicno.si\/hr\/wp-json\/wp\/v2\/product_tag?post=9672"}],"curies":[{"name":"wp","href":"https:\/\/api.w.org\/{rel}","templated":true}]}}