{"id":9671,"date":"2024-12-02T11:41:15","date_gmt":"2024-12-02T10:41:15","guid":{"rendered":"https:\/\/odlicno.mojwww.si\/trgovina\/Bez kategorije\/maxi-snack-pakiranje-excellent-3-x-1000-g\/"},"modified":"2024-12-02T11:41:15","modified_gmt":"2024-12-02T10:41:15","slug":"maxi-snack-pakiranje-excellent-3-x-1000-g","status":"publish","type":"product","link":"https:\/\/odlicno.si\/hr\/proizvodi\/500-g-1000-g-hr\/maxi-snack-pakiranje-excellent-3-x-1000-g\/","title":{"rendered":"Maxi snack pakiranje Excellent 3 \u00d7 1000 g"},"content":{"rendered":"<p>Vrlo povoljno pakovanje od tri me\u0111uobroka u pakovanju od kilograma: Pe\u010deni i soljeni kikiriki, Pe\u010deni kikiriki bez dodatka ulja i soli, Studentska hrana.<\/p>\n","protected":false},"excerpt":{"rendered":"<p>Vrlo povoljno pakovanje od tri me\u0111uobroka u pakovanju od kilograma: Pe\u010deni i soljeni kikiriki, Pe\u010deni kikiriki bez dodatka ulja i soli, Studentska hrana.<\/p>\n","protected":false},"featured_media":10323,"template":"","meta":{"_acf_changed":false},"product_brand":[],"product_cat":[292,121],"product_tag":[],"class_list":{"0":"post-9671","1":"product","2":"type-product","3":"status-publish","4":"has-post-thumbnail","6":"product_cat-500-g-1000-g-hr","7":"product_cat-paketi","9":"first","10":"instock","11":"sale","12":"taxable","13":"shipping-taxable","14":"purchasable","15":"product-type-simple"},"acf":[],"mb":[],"jetpack_sharing_enabled":true,"mfb_rest_fields":["title","jetpack_sharing_enabled"],"_links":{"self":[{"href":"https:\/\/odlicno.si\/hr\/wp-json\/wp\/v2\/product\/9671","targetHints":{"allow":["GET"]}}],"collection":[{"href":"https:\/\/odlicno.si\/hr\/wp-json\/wp\/v2\/product"}],"about":[{"href":"https:\/\/odlicno.si\/hr\/wp-json\/wp\/v2\/types\/product"}],"wp:featuredmedia":[{"embeddable":true,"href":"https:\/\/odlicno.si\/hr\/wp-json\/wp\/v2\/media\/10323"}],"wp:attachment":[{"href":"https:\/\/odlicno.si\/hr\/wp-json\/wp\/v2\/media?parent=9671"}],"wp:term":[{"taxonomy":"product_brand","embeddable":true,"href":"https:\/\/odlicno.si\/hr\/wp-json\/wp\/v2\/product_brand?post=9671"},{"taxonomy":"product_cat","embeddable":true,"href":"https:\/\/odlicno.si\/hr\/wp-json\/wp\/v2\/product_cat?post=9671"},{"taxonomy":"product_tag","embeddable":true,"href":"https:\/\/odlicno.si\/hr\/wp-json\/wp\/v2\/product_tag?post=9671"}],"curies":[{"name":"wp","href":"https:\/\/api.w.org\/{rel}","templated":true}]}}