{"id":9663,"date":"2024-12-02T11:41:15","date_gmt":"2024-12-02T10:41:15","guid":{"rendered":"https:\/\/odlicno.mojwww.si\/trgovina\/Bez kategorije\/ljesnjaci-odlicni-1000g\/"},"modified":"2024-12-02T11:41:15","modified_gmt":"2024-12-02T10:41:15","slug":"ljesnjaci-odlicni-1000g","status":"publish","type":"product","link":"https:\/\/odlicno.si\/hr\/proizvodi\/orascici-sjemenke\/orascici\/ljesnjaci-odlicni-1000g\/","title":{"rendered":"Lje\u0161njaci Odli\u010dni 1000g"},"content":{"rendered":"<p class=\"text-align-justify\">Jezgre lje\u0161njaka su izvrsnog okusa i lijepo hrskave. Mogu se koristiti u \u017eitaricama za doru\u010dak, prilikom pe\u010denja slastica ili pripreme egzoti\u010dnijih jela. Proizvod je bez aditiva.<\/p>\n","protected":false},"excerpt":{"rendered":"<p>Jezgre lje\u0161njaka su izvrsnog okusa i lijepo hrskave. Mogu se koristiti u \u017eitaricama za doru\u010dak, prilikom pe\u010denja slastica ili pripreme egzoti\u010dnijih jela. Proizvod je bez aditiva.<\/p>\n","protected":false},"featured_media":9985,"template":"","meta":{"_acf_changed":false},"product_brand":[],"product_cat":[292,259,119,117,265,271],"product_tag":[],"class_list":{"0":"post-9663","1":"product","2":"type-product","3":"status-publish","4":"has-post-thumbnail","6":"product_cat-500-g-1000-g-hr","7":"product_cat-kuhanje","8":"product_cat-orascici","9":"product_cat-orascici-sjemenke","10":"product_cat-pecenje","11":"product_cat-za-opskrbu-jer-se-isplati","13":"first","14":"instock","15":"taxable","16":"shipping-taxable","17":"purchasable","18":"product-type-simple"},"acf":[],"mb":[],"jetpack_sharing_enabled":true,"mfb_rest_fields":["title","jetpack_sharing_enabled"],"_links":{"self":[{"href":"https:\/\/odlicno.si\/hr\/wp-json\/wp\/v2\/product\/9663","targetHints":{"allow":["GET"]}}],"collection":[{"href":"https:\/\/odlicno.si\/hr\/wp-json\/wp\/v2\/product"}],"about":[{"href":"https:\/\/odlicno.si\/hr\/wp-json\/wp\/v2\/types\/product"}],"wp:featuredmedia":[{"embeddable":true,"href":"https:\/\/odlicno.si\/hr\/wp-json\/wp\/v2\/media\/9985"}],"wp:attachment":[{"href":"https:\/\/odlicno.si\/hr\/wp-json\/wp\/v2\/media?parent=9663"}],"wp:term":[{"taxonomy":"product_brand","embeddable":true,"href":"https:\/\/odlicno.si\/hr\/wp-json\/wp\/v2\/product_brand?post=9663"},{"taxonomy":"product_cat","embeddable":true,"href":"https:\/\/odlicno.si\/hr\/wp-json\/wp\/v2\/product_cat?post=9663"},{"taxonomy":"product_tag","embeddable":true,"href":"https:\/\/odlicno.si\/hr\/wp-json\/wp\/v2\/product_tag?post=9663"}],"curies":[{"name":"wp","href":"https:\/\/api.w.org\/{rel}","templated":true}]}}