{"id":9660,"date":"2024-12-02T11:33:44","date_gmt":"2024-12-02T10:33:44","guid":{"rendered":"https:\/\/odlicno.mojwww.si\/trgovina\/Bez kategorije\/americki-orah-pecan-1000-g\/"},"modified":"2024-12-02T11:33:44","modified_gmt":"2024-12-02T10:33:44","slug":"americki-orah-pecan-1000-g","status":"publish","type":"product","link":"https:\/\/odlicno.si\/hr\/proizvodi\/orascici-sjemenke\/orascici\/americki-orah-pecan-1000-g\/","title":{"rendered":"Ameri\u010dki orah &#8211; pecan 1000 g"},"content":{"rendered":"<p>Ameri\u010dki orah, poznat i kao pekan, jedan je od ora\u0161astih plodova koji se rijetko konzumiraju na na\u0161im prostorima. Iako naravno ima smisla dati prednost lokalnim vrstama, tako\u0111er je mudro s vremena na vrijeme po\u010dastiti se ameri\u010dkim orahom. Izvrstan je izvor antioksidansa, a ujedno sadr\u017ei i mnoge druge korisne tvari.<\/p>\n<p><strong>Prona\u0111ite inspiraciju me\u0111u receptima:<\/strong><\/p>\n<ul style=\"-webkit-text-stroke-width: 0px; background-color: #ffffff; box-sizing: border-box; color: #1b2b59; font-family: Roboto, sans-serif; font-size: 19px; font-style: normal; font-variant-caps: normal; font-variant-ligatures: normal; font-weight: 300; letter-spacing: normal; margin: 0px 0px 1.25rem; orphans: 2; padding-left: 3.25rem; padding-right: 0px; text-align: start; text-decoration-color: initial; text-decoration-style: initial; text-decoration-thickness: initial; text-indent: 0px; text-transform: none; white-space: normal; widows: 2; word-spacing: 0px;\">\n<li style=\"box-sizing: border-box;\"><a style=\"box-sizing: border-box; color: var(--besedilo); cursor: pointer;\" href=\"\/blog\/velika-palacinka-z-jabolkami-pekan-orehi\">Velika pala\u010dinka s jabukama i pekanom<\/a><\/li>\n<li style=\"box-sizing: border-box;\"><a href=\"\/blog\/slivova-drobljenka\">Crumble od \u0161ljiva<\/a><\/li>\n<li style=\"box-sizing: border-box;\"><a style=\"box-sizing: border-box; color: var(--besedilo); cursor: pointer;\" href=\"\/blog\/oresckasti-bananini-brownieji\"><span class=\"field field-name-title field-formatter-string field-type-string field-label-hidden\" style=\"box-sizing: border-box; margin-bottom: 0px;\"><u>Ora\u0161asti kola\u010di\u0107i od banane<\/u><\/span><\/a><\/li>\n<\/ul>\n","protected":false},"excerpt":{"rendered":"<p>Ameri\u010dki orah, poznat i kao pekan, jedan je od ora\u0161astih plodova koji se rijetko konzumiraju na na\u0161im prostorima. Iako naravno ima smisla dati prednost lokalnim vrstama, tako\u0111er je mudro s vremena na vrijeme po\u010dastiti se ameri\u010dkim orahom. Izvrstan je izvor antioksidansa, a ujedno sadr\u017ei i mnoge druge korisne tvari. Prona\u0111ite inspiraciju me\u0111u receptima: Velika pala\u010dinka [&hellip;]<\/p>\n","protected":false},"featured_media":4516,"template":"","meta":{"_acf_changed":false},"product_brand":[],"product_cat":[292,259,119,117,265,271],"product_tag":[],"class_list":{"0":"post-9660","1":"product","2":"type-product","3":"status-publish","4":"has-post-thumbnail","6":"product_cat-500-g-1000-g-hr","7":"product_cat-kuhanje","8":"product_cat-orascici","9":"product_cat-orascici-sjemenke","10":"product_cat-pecenje","11":"product_cat-za-opskrbu-jer-se-isplati","13":"first","14":"instock","15":"taxable","16":"shipping-taxable","17":"purchasable","18":"product-type-simple"},"acf":[],"mb":[],"jetpack_sharing_enabled":true,"mfb_rest_fields":["title","jetpack_sharing_enabled"],"_links":{"self":[{"href":"https:\/\/odlicno.si\/hr\/wp-json\/wp\/v2\/product\/9660","targetHints":{"allow":["GET"]}}],"collection":[{"href":"https:\/\/odlicno.si\/hr\/wp-json\/wp\/v2\/product"}],"about":[{"href":"https:\/\/odlicno.si\/hr\/wp-json\/wp\/v2\/types\/product"}],"wp:featuredmedia":[{"embeddable":true,"href":"https:\/\/odlicno.si\/hr\/wp-json\/wp\/v2\/media\/4516"}],"wp:attachment":[{"href":"https:\/\/odlicno.si\/hr\/wp-json\/wp\/v2\/media?parent=9660"}],"wp:term":[{"taxonomy":"product_brand","embeddable":true,"href":"https:\/\/odlicno.si\/hr\/wp-json\/wp\/v2\/product_brand?post=9660"},{"taxonomy":"product_cat","embeddable":true,"href":"https:\/\/odlicno.si\/hr\/wp-json\/wp\/v2\/product_cat?post=9660"},{"taxonomy":"product_tag","embeddable":true,"href":"https:\/\/odlicno.si\/hr\/wp-json\/wp\/v2\/product_tag?post=9660"}],"curies":[{"name":"wp","href":"https:\/\/api.w.org\/{rel}","templated":true}]}}