{"id":9658,"date":"2024-12-02T11:41:15","date_gmt":"2024-12-02T10:41:15","guid":{"rendered":"https:\/\/odlicno.mojwww.si\/trgovina\/Bez%20kategorije\/pistacije-sirove-i-oljustene-izvrsne-1000-g\/"},"modified":"2025-08-28T06:54:23","modified_gmt":"2025-08-28T05:54:23","slug":"pistacije-sirove-i-oljustene-izvrsne-1000-g","status":"publish","type":"product","link":"https:\/\/odlicno.si\/hr\/proizvodi\/orascici-sjemenke\/orascici\/pistacije-sirove-i-oljustene-izvrsne-1000-g\/","title":{"rendered":"Pistacije sirove i olju\u0161tene Odli\u010dno 1000 g"},"content":{"rendered":"<p>Sirovi olju\u0161teni pistacije glavni su sastojak mnogih razli\u010ditih slastica. Sladoled od pistacija \u010desto se mo\u017ee na\u0107i u veganskoj kuhinji, ali se mo\u017ee na\u0107i i u \u010duvenoj baklavi.<\/p>\n<p><strong>Prona\u0111ite inspiraciju me\u0111u receptima:<\/strong><\/p>\n<ul>\n<li><a href=\"https:\/\/odlicno.si\/blog\/odlicni-donuts-krofki-iz-pecice\/\">Odli\u010dne krafne iz pe\u0107nice<\/a><\/li>\n<li><a href=\"https:\/\/odlicno.si\/blog\/avokadov-puding\/\">Puding od avokada<\/a><\/li>\n<\/ul>\n","protected":false},"excerpt":{"rendered":"<p>Sirovi olju\u0161teni pistacije glavni su sastojak mnogih razli\u010ditih slastica. Sladoled od pistacija \u010desto se mo\u017ee na\u0107i u veganskoj kuhinji, ali se mo\u017ee na\u0107i i u \u010duvenoj baklavi. Prona\u0111ite inspiraciju me\u0111u receptima: Odli\u010dne krafne iz pe\u0107nice Puding od avokada<\/p>\n","protected":false},"featured_media":10043,"template":"","meta":{"_acf_changed":false},"product_brand":[],"product_cat":[292,119,117,265,271],"product_tag":[],"class_list":{"0":"post-9658","1":"product","2":"type-product","3":"status-publish","4":"has-post-thumbnail","6":"product_cat-500-g-1000-g-hr","7":"product_cat-orascici","8":"product_cat-orascici-sjemenke","9":"product_cat-pecenje","10":"product_cat-za-opskrbu-jer-se-isplati","12":"first","13":"instock","14":"taxable","15":"shipping-taxable","16":"purchasable","17":"product-type-simple"},"acf":[],"mb":[],"jetpack_sharing_enabled":true,"mfb_rest_fields":["title","jetpack_sharing_enabled"],"_links":{"self":[{"href":"https:\/\/odlicno.si\/hr\/wp-json\/wp\/v2\/product\/9658","targetHints":{"allow":["GET"]}}],"collection":[{"href":"https:\/\/odlicno.si\/hr\/wp-json\/wp\/v2\/product"}],"about":[{"href":"https:\/\/odlicno.si\/hr\/wp-json\/wp\/v2\/types\/product"}],"wp:featuredmedia":[{"embeddable":true,"href":"https:\/\/odlicno.si\/hr\/wp-json\/wp\/v2\/media\/10043"}],"wp:attachment":[{"href":"https:\/\/odlicno.si\/hr\/wp-json\/wp\/v2\/media?parent=9658"}],"wp:term":[{"taxonomy":"product_brand","embeddable":true,"href":"https:\/\/odlicno.si\/hr\/wp-json\/wp\/v2\/product_brand?post=9658"},{"taxonomy":"product_cat","embeddable":true,"href":"https:\/\/odlicno.si\/hr\/wp-json\/wp\/v2\/product_cat?post=9658"},{"taxonomy":"product_tag","embeddable":true,"href":"https:\/\/odlicno.si\/hr\/wp-json\/wp\/v2\/product_tag?post=9658"}],"curies":[{"name":"wp","href":"https:\/\/api.w.org\/{rel}","templated":true}]}}