{"id":9643,"date":"2024-12-02T11:40:51","date_gmt":"2024-12-02T10:40:51","guid":{"rendered":"https:\/\/odlicno.mojwww.si\/trgovina\/Bez%20kategorije\/kikiriki-przeni-u-ulju-neslani-odlican-500-gr\/"},"modified":"2025-08-28T06:51:07","modified_gmt":"2025-08-28T05:51:07","slug":"kikiriki-przeni-u-ulju-neslani-odlican-500-gr","status":"publish","type":"product","link":"https:\/\/odlicno.si\/hr\/proizvodi\/mjesavine-i-grickalice\/grickalice\/kikiriki-przeni-u-ulju-neslani-odlican-500-gr\/","title":{"rendered":"Kikiriki pr\u017eeni u ulju, neslani Odli\u010dno 500 g"},"content":{"rendered":"<p class=\"text-align-justify\">Kikiriki se pr\u017ei u ulju u ku\u0107noj pr\u017eili \u0161to osigurava svje\u017einu i bogat okus. Neslane su, \u0161to omogu\u0107uje da do izra\u017eaja do\u0111e prirodni okus kikirikija, <strong>bez dodataka<\/strong> . Prikladni su kao samostalni me\u0111uobrok ili kao dodatak raznim jelima poput salata, grickalica i slastica.<\/p>\n<blockquote><p>Iz doma\u0107e pe\u010denjare!<\/p><\/blockquote>\n","protected":false},"excerpt":{"rendered":"<p>Kikiriki se pr\u017ei u ulju u ku\u0107noj pr\u017eili \u0161to osigurava svje\u017einu i bogat okus. Neslane su, \u0161to omogu\u0107uje da do izra\u017eaja do\u0111e prirodni okus kikirikija, bez dodataka . Prikladni su kao samostalni me\u0111uobrok ili kao dodatak raznim jelima poput salata, grickalica i slastica. Iz doma\u0107e pe\u010denjare!<\/p>\n","protected":false},"featured_media":11170,"template":"","meta":{"_acf_changed":false},"product_brand":[],"product_cat":[292,115,118,259,113,117,265,256,268],"product_tag":[],"class_list":{"0":"post-9643","1":"product","2":"type-product","3":"status-publish","4":"has-post-thumbnail","6":"product_cat-500-g-1000-g-hr","7":"product_cat-grickalice","8":"product_cat-kikiriki","9":"product_cat-kuhanje","10":"product_cat-mjesavine-i-grickalice","11":"product_cat-orascici-sjemenke","12":"product_cat-pecenje","13":"product_cat-za-izlete-lutanja","14":"product_cat-zabava-dogadanja","16":"first","17":"instock","18":"taxable","19":"shipping-taxable","20":"purchasable","21":"product-type-simple"},"acf":[],"mb":[],"jetpack_sharing_enabled":true,"mfb_rest_fields":["title","jetpack_sharing_enabled"],"_links":{"self":[{"href":"https:\/\/odlicno.si\/hr\/wp-json\/wp\/v2\/product\/9643","targetHints":{"allow":["GET"]}}],"collection":[{"href":"https:\/\/odlicno.si\/hr\/wp-json\/wp\/v2\/product"}],"about":[{"href":"https:\/\/odlicno.si\/hr\/wp-json\/wp\/v2\/types\/product"}],"wp:featuredmedia":[{"embeddable":true,"href":"https:\/\/odlicno.si\/hr\/wp-json\/wp\/v2\/media\/11170"}],"wp:attachment":[{"href":"https:\/\/odlicno.si\/hr\/wp-json\/wp\/v2\/media?parent=9643"}],"wp:term":[{"taxonomy":"product_brand","embeddable":true,"href":"https:\/\/odlicno.si\/hr\/wp-json\/wp\/v2\/product_brand?post=9643"},{"taxonomy":"product_cat","embeddable":true,"href":"https:\/\/odlicno.si\/hr\/wp-json\/wp\/v2\/product_cat?post=9643"},{"taxonomy":"product_tag","embeddable":true,"href":"https:\/\/odlicno.si\/hr\/wp-json\/wp\/v2\/product_tag?post=9643"}],"curies":[{"name":"wp","href":"https:\/\/api.w.org\/{rel}","templated":true}]}}