{"id":9639,"date":"2024-12-02T11:33:20","date_gmt":"2024-12-02T10:33:20","guid":{"rendered":"https:\/\/odlicno.mojwww.si\/trgovina\/Bez%20kategorije\/kukuruz-za-kokice-excellent-400-g\/"},"modified":"2025-08-28T06:52:56","modified_gmt":"2025-08-28T05:52:56","slug":"kukuruz-za-kokice-excellent-400-g","status":"publish","type":"product","link":"https:\/\/odlicno.si\/hr\/proizvodi\/mjesavine-i-grickalice\/grickalice\/kukuruz-za-kokice-excellent-400-g\/","title":{"rendered":"Kukuruz za kokice Odli\u010dno 400 g"},"content":{"rendered":"<div class=\"flex-shrink-0 flex flex-col relative items-end\">\n<div>\n<div class=\"pt-0\">\n<div class=\"gizmo-bot-avatar flex h-8 w-8 items-center justify-center overflow-hidden rounded-full\">\n<div class=\"relative p-1 rounded-sm flex items-center justify-center bg-token-main-surface-primary text-token-text-primary h-8 w-8 text-align-justify\">Kukuruz za kokice je prirodni proizvod namijenjen za izradu kokica. <strong>Ne sadr\u017ei aditive.<\/strong> Pogodan je za pripremu kokica na razli\u010dite na\u010dine &#8211; u tavi, u mikrovalnoj ili u aparatu za kokice. Proizvod nema dodanih sastojaka, \u0161to vam omogu\u0107uje da prilagodite okus prema vlastitim \u017eeljama.<\/div>\n<blockquote><p>Za svaku dobru zabavu i dru\u017eenje.<\/p><\/blockquote>\n<\/div>\n<\/div>\n<\/div>\n<\/div>\n<p><span style=\"-webkit-text-stroke-width: 0px; background-color: #ffffff; color: #1b2b59; display: inline !important; float: none; font-family: Roboto, sans-serif; font-size: 19px; font-style: normal; font-variant-caps: normal; font-variant-ligatures: normal; font-weight: 300; letter-spacing: normal; orphans: 2; text-align: start; text-decoration-color: initial; text-decoration-style: initial; text-decoration-thickness: initial; text-indent: 0px; text-transform: none; white-space: normal; widows: 2; word-spacing: 0px;\">Proizvod je dobio oznaku &#8220;<\/span> <a style=\"-webkit-text-stroke-width: 0px; background-color: #ffffff; box-sizing: border-box; color: var(--besedilo); cursor: pointer; font-family: Roboto, sans-serif; font-size: 19px; font-style: normal; font-variant-caps: normal; font-variant-ligatures: normal; font-weight: 300; letter-spacing: normal; orphans: 2; text-align: start; text-indent: 0px; text-transform: none; white-space: normal; widows: 2; word-spacing: 0px;\" href=\"https:\/\/odlicno.si\/blog\/prejeli-smo-oznako-izbrale-mame-hvala-za-vase-zaupanje\/\"><u>Odabrale mame<\/u><\/a> <span style=\"-webkit-text-stroke-width: 0px; background-color: #ffffff; color: #1b2b59; display: inline !important; float: none; font-family: Roboto, sans-serif; font-size: 19px; font-style: normal; font-variant-caps: normal; font-variant-ligatures: normal; font-weight: 300; letter-spacing: normal; orphans: 2; text-align: start; text-decoration-color: initial; text-decoration-style: initial; text-decoration-thickness: initial; text-indent: 0px; text-transform: none; white-space: normal; widows: 2; word-spacing: 0px;\">&#8220;.<\/span><\/p>\n","protected":false},"excerpt":{"rendered":"<p>Kukuruz za kokice je prirodni proizvod namijenjen za izradu kokica. Ne sadr\u017ei aditive. Pogodan je za pripremu kokica na razli\u010dite na\u010dine &#8211; u tavi, u mikrovalnoj ili u aparatu za kokice. Proizvod nema dodanih sastojaka, \u0161to vam omogu\u0107uje da prilagodite okus prema vlastitim \u017eeljama. Za svaku dobru zabavu i dru\u017eenje. Proizvod je dobio oznaku &#8220; [&hellip;]<\/p>\n","protected":false},"featured_media":9950,"template":"","meta":{"_acf_changed":false},"product_brand":[],"product_cat":[289,115,113,268],"product_tag":[],"class_list":{"0":"post-9639","1":"product","2":"type-product","3":"status-publish","4":"has-post-thumbnail","6":"product_cat-300-g-500-g-hr","7":"product_cat-grickalice","8":"product_cat-mjesavine-i-grickalice","9":"product_cat-zabava-dogadanja","11":"first","12":"instock","13":"taxable","14":"shipping-taxable","15":"purchasable","16":"product-type-simple"},"acf":[],"mb":[],"jetpack_sharing_enabled":true,"mfb_rest_fields":["title","jetpack_sharing_enabled"],"_links":{"self":[{"href":"https:\/\/odlicno.si\/hr\/wp-json\/wp\/v2\/product\/9639","targetHints":{"allow":["GET"]}}],"collection":[{"href":"https:\/\/odlicno.si\/hr\/wp-json\/wp\/v2\/product"}],"about":[{"href":"https:\/\/odlicno.si\/hr\/wp-json\/wp\/v2\/types\/product"}],"wp:featuredmedia":[{"embeddable":true,"href":"https:\/\/odlicno.si\/hr\/wp-json\/wp\/v2\/media\/9950"}],"wp:attachment":[{"href":"https:\/\/odlicno.si\/hr\/wp-json\/wp\/v2\/media?parent=9639"}],"wp:term":[{"taxonomy":"product_brand","embeddable":true,"href":"https:\/\/odlicno.si\/hr\/wp-json\/wp\/v2\/product_brand?post=9639"},{"taxonomy":"product_cat","embeddable":true,"href":"https:\/\/odlicno.si\/hr\/wp-json\/wp\/v2\/product_cat?post=9639"},{"taxonomy":"product_tag","embeddable":true,"href":"https:\/\/odlicno.si\/hr\/wp-json\/wp\/v2\/product_tag?post=9639"}],"curies":[{"name":"wp","href":"https:\/\/api.w.org\/{rel}","templated":true}]}}