{"id":9638,"date":"2024-12-02T11:40:52","date_gmt":"2024-12-02T10:40:52","guid":{"rendered":"https:\/\/odlicno.mojwww.si\/trgovina\/Bez%20kategorije\/mjesavina-kikirikija-i-orasastih-plodova-przena-i-neslana-odlicna-150-g\/"},"modified":"2025-08-28T06:52:55","modified_gmt":"2025-08-28T05:52:55","slug":"mjesavina-kikirikija-i-orasastih-plodova-przena-i-neslana-odlicna-150-g","status":"publish","type":"product","link":"https:\/\/odlicno.si\/hr\/proizvodi\/mjesavine-i-grickalice\/grickalice\/mjesavina-kikirikija-i-orasastih-plodova-przena-i-neslana-odlicna-150-g\/","title":{"rendered":"Mje\u0161avina kikirikija i ora\u0161astih plodova, pr\u017eena i neslana Odli\u010dno 150 g"},"content":{"rendered":"<p>Izvrsna mje\u0161avina kikirikija i ora\u0161astih plodova, svje\u017ee pr\u017eenih u suncokretovom ulju, bez dodane soli.<\/p>\n<p><span style=\"-webkit-text-stroke-width: 0px; background-color: #ffffff; color: #1b2b59; display: inline !important; float: none; font-family: Roboto, sans-serif; font-size: 19px; font-style: normal; font-variant-caps: normal; font-variant-ligatures: normal; font-weight: 300; letter-spacing: normal; orphans: 2; text-align: start; text-decoration-color: initial; text-decoration-style: initial; text-decoration-thickness: initial; text-indent: 0px; text-transform: none; white-space: normal; widows: 2; word-spacing: 0px;\">Proizvod je dobio oznaku &#8220;<\/span> <a style=\"-webkit-text-stroke-width: 0px; background-color: #ffffff; box-sizing: border-box; color: var(--besedilo); cursor: pointer; font-family: Roboto, sans-serif; font-size: 19px; font-style: normal; font-variant-caps: normal; font-variant-ligatures: normal; font-weight: 300; letter-spacing: normal; orphans: 2; text-align: start; text-indent: 0px; text-transform: none; white-space: normal; widows: 2; word-spacing: 0px;\" href=\"https:\/\/odlicno.si\/blog\/prejeli-smo-oznako-izbrale-mame-hvala-za-vase-zaupanje\/\"><u>Odabrale mame<\/u><\/a> <span style=\"-webkit-text-stroke-width: 0px; background-color: #ffffff; color: #1b2b59; display: inline !important; float: none; font-family: Roboto, sans-serif; font-size: 19px; font-style: normal; font-variant-caps: normal; font-variant-ligatures: normal; font-weight: 300; letter-spacing: normal; orphans: 2; text-align: start; text-decoration-color: initial; text-decoration-style: initial; text-decoration-thickness: initial; text-indent: 0px; text-transform: none; white-space: normal; widows: 2; word-spacing: 0px;\">&#8220;.<\/span><\/p>\n","protected":false},"excerpt":{"rendered":"<p>Izvrsna mje\u0161avina kikirikija i ora\u0161astih plodova, svje\u017ee pr\u017eenih u suncokretovom ulju, bez dodane soli. Proizvod je dobio oznaku &#8220; Odabrale mame &#8220;.<\/p>\n","protected":false},"featured_media":11622,"template":"","meta":{"_acf_changed":false},"product_brand":[],"product_cat":[286,115,114,113,256,268],"product_tag":[],"class_list":{"0":"post-9638","1":"product","2":"type-product","3":"status-publish","4":"has-post-thumbnail","6":"product_cat-100-g-300-g-hr","7":"product_cat-grickalice","8":"product_cat-mjesavine","9":"product_cat-mjesavine-i-grickalice","10":"product_cat-za-izlete-lutanja","11":"product_cat-zabava-dogadanja","13":"first","14":"instock","15":"featured","16":"taxable","17":"shipping-taxable","18":"purchasable","19":"product-type-simple"},"acf":[],"mb":[],"jetpack_sharing_enabled":true,"mfb_rest_fields":["title","jetpack_sharing_enabled"],"_links":{"self":[{"href":"https:\/\/odlicno.si\/hr\/wp-json\/wp\/v2\/product\/9638","targetHints":{"allow":["GET"]}}],"collection":[{"href":"https:\/\/odlicno.si\/hr\/wp-json\/wp\/v2\/product"}],"about":[{"href":"https:\/\/odlicno.si\/hr\/wp-json\/wp\/v2\/types\/product"}],"wp:featuredmedia":[{"embeddable":true,"href":"https:\/\/odlicno.si\/hr\/wp-json\/wp\/v2\/media\/11622"}],"wp:attachment":[{"href":"https:\/\/odlicno.si\/hr\/wp-json\/wp\/v2\/media?parent=9638"}],"wp:term":[{"taxonomy":"product_brand","embeddable":true,"href":"https:\/\/odlicno.si\/hr\/wp-json\/wp\/v2\/product_brand?post=9638"},{"taxonomy":"product_cat","embeddable":true,"href":"https:\/\/odlicno.si\/hr\/wp-json\/wp\/v2\/product_cat?post=9638"},{"taxonomy":"product_tag","embeddable":true,"href":"https:\/\/odlicno.si\/hr\/wp-json\/wp\/v2\/product_tag?post=9638"}],"curies":[{"name":"wp","href":"https:\/\/api.w.org\/{rel}","templated":true}]}}