{"id":9633,"date":"2024-12-02T11:31:17","date_gmt":"2024-12-02T10:31:17","guid":{"rendered":"https:\/\/odlicno.mojwww.si\/trgovina\/Bez%20kategorije\/slanutak-odlican-500-g\/"},"modified":"2025-08-28T06:57:42","modified_gmt":"2025-08-28T05:57:42","slug":"slanutak-odlican-500-g","status":"publish","type":"product","link":"https:\/\/odlicno.si\/hr\/proizvodi\/500-g-1000-g-hr\/slanutak-odlican-500-g\/","title":{"rendered":"Slanutak Odli\u010dno 500 g"},"content":{"rendered":"<p class=\"text-align-justify\">Slanutak je svestrana hranjiva mahunarka, pogodna za pripremu juha, salata, humusa, falafela i mnogih drugih jela. Pogodan je za vegetarijansku, vegansku i bezglutensku prehranu.<\/p>\n<p><strong>Prona\u0111ite inspiraciju me\u0111u receptima:<\/strong><\/p>\n<ul>\n<li><a href=\"https:\/\/odlicno.si\/blog\/bucna-enoloncnica\/\">Tepsija od bundeve<\/a><\/li>\n<li><a href=\"https:\/\/odlicno.si\/blog\/domac-cicerikin-humus-s-sezamovimi-semeni\/\">Doma\u0107i humus od slanutka sa sjemenkama sezama<\/a><\/li>\n<\/ul>\n","protected":false},"excerpt":{"rendered":"<p>Slanutak je svestrana hranjiva mahunarka, pogodna za pripremu juha, salata, humusa, falafela i mnogih drugih jela. Pogodan je za vegetarijansku, vegansku i bezglutensku prehranu. Prona\u0111ite inspiraciju me\u0111u receptima: Tepsija od bundeve Doma\u0107i humus od slanutka sa sjemenkama sezama<\/p>\n","protected":false},"featured_media":4580,"template":"","meta":{"_acf_changed":false},"product_brand":[],"product_cat":[292,236,259,86],"product_tag":[],"class_list":{"0":"post-9633","1":"product","2":"type-product","3":"status-publish","4":"has-post-thumbnail","6":"product_cat-500-g-1000-g-hr","7":"product_cat-akcija-hr","8":"product_cat-kuhanje","9":"product_cat-mahunarke","11":"first","12":"instock","13":"sale","14":"taxable","15":"shipping-taxable","16":"purchasable","17":"product-type-simple"},"acf":[],"mb":[],"jetpack_sharing_enabled":true,"mfb_rest_fields":["title","jetpack_sharing_enabled"],"_links":{"self":[{"href":"https:\/\/odlicno.si\/hr\/wp-json\/wp\/v2\/product\/9633","targetHints":{"allow":["GET"]}}],"collection":[{"href":"https:\/\/odlicno.si\/hr\/wp-json\/wp\/v2\/product"}],"about":[{"href":"https:\/\/odlicno.si\/hr\/wp-json\/wp\/v2\/types\/product"}],"wp:featuredmedia":[{"embeddable":true,"href":"https:\/\/odlicno.si\/hr\/wp-json\/wp\/v2\/media\/4580"}],"wp:attachment":[{"href":"https:\/\/odlicno.si\/hr\/wp-json\/wp\/v2\/media?parent=9633"}],"wp:term":[{"taxonomy":"product_brand","embeddable":true,"href":"https:\/\/odlicno.si\/hr\/wp-json\/wp\/v2\/product_brand?post=9633"},{"taxonomy":"product_cat","embeddable":true,"href":"https:\/\/odlicno.si\/hr\/wp-json\/wp\/v2\/product_cat?post=9633"},{"taxonomy":"product_tag","embeddable":true,"href":"https:\/\/odlicno.si\/hr\/wp-json\/wp\/v2\/product_tag?post=9633"}],"curies":[{"name":"wp","href":"https:\/\/api.w.org\/{rel}","templated":true}]}}