{"id":9632,"date":"2024-12-02T11:40:51","date_gmt":"2024-12-02T10:40:51","guid":{"rendered":"https:\/\/odlicno.mojwww.si\/trgovina\/Bez%20kategorije\/organski-przeni-kikiriki-bez-dodanog-ulja-i-soli-1000-g\/"},"modified":"2025-01-21T16:01:17","modified_gmt":"2025-01-21T15:01:17","slug":"organski-przeni-kikiriki-bez-dodanog-ulja-i-soli-1000-g","status":"publish","type":"product","link":"https:\/\/odlicno.si\/hr\/proizvodi\/500-g-1000-g-hr\/organski-przeni-kikiriki-bez-dodanog-ulja-i-soli-1000-g\/","title":{"rendered":"Organski pr\u017eeni kikiriki bez dodanog ulja i soli 1000 g"},"content":{"rendered":"<p>Hrskavi kikiriki iz kontroliranog organskog uzgoja, svje\u017ee pe\u010den na vru\u0107em zraku, bez dodanog ulja i soli.<\/p>\n","protected":false},"excerpt":{"rendered":"<p>Hrskavi kikiriki iz kontroliranog organskog uzgoja, svje\u017ee pe\u010den na vru\u0107em zraku, bez dodanog ulja i soli.<\/p>\n","protected":false},"featured_media":5749,"template":"","meta":{"_acf_changed":false},"product_brand":[],"product_cat":[292,85,271],"product_tag":[],"class_list":{"0":"post-9632","1":"product","2":"type-product","3":"status-publish","4":"has-post-thumbnail","6":"product_cat-500-g-1000-g-hr","7":"product_cat-bio","8":"product_cat-za-opskrbu-jer-se-isplati","10":"first","11":"instock","12":"taxable","13":"shipping-taxable","14":"purchasable","15":"product-type-simple"},"acf":[],"mb":[],"jetpack_sharing_enabled":true,"mfb_rest_fields":["title","jetpack_sharing_enabled"],"_links":{"self":[{"href":"https:\/\/odlicno.si\/hr\/wp-json\/wp\/v2\/product\/9632","targetHints":{"allow":["GET"]}}],"collection":[{"href":"https:\/\/odlicno.si\/hr\/wp-json\/wp\/v2\/product"}],"about":[{"href":"https:\/\/odlicno.si\/hr\/wp-json\/wp\/v2\/types\/product"}],"wp:featuredmedia":[{"embeddable":true,"href":"https:\/\/odlicno.si\/hr\/wp-json\/wp\/v2\/media\/5749"}],"wp:attachment":[{"href":"https:\/\/odlicno.si\/hr\/wp-json\/wp\/v2\/media?parent=9632"}],"wp:term":[{"taxonomy":"product_brand","embeddable":true,"href":"https:\/\/odlicno.si\/hr\/wp-json\/wp\/v2\/product_brand?post=9632"},{"taxonomy":"product_cat","embeddable":true,"href":"https:\/\/odlicno.si\/hr\/wp-json\/wp\/v2\/product_cat?post=9632"},{"taxonomy":"product_tag","embeddable":true,"href":"https:\/\/odlicno.si\/hr\/wp-json\/wp\/v2\/product_tag?post=9632"}],"curies":[{"name":"wp","href":"https:\/\/api.w.org\/{rel}","templated":true}]}}