{"id":9624,"date":"2024-12-02T11:33:44","date_gmt":"2024-12-02T10:33:44","guid":{"rendered":"https:\/\/odlicno.mojwww.si\/trgovina\/Bez%20kategorije\/grozdice-u-tamnoj-cokoladi-5000-g\/"},"modified":"2025-01-21T15:52:49","modified_gmt":"2025-01-21T14:52:49","slug":"grozdice-u-tamnoj-cokoladi-5000-g","status":"publish","type":"product","link":"https:\/\/odlicno.si\/hr\/proizvodi\/500-g-1000-g-hr\/grozdice-u-tamnoj-cokoladi-5000-g\/","title":{"rendered":"Gro\u017e\u0111ice u tamnoj \u010dokoladi 5000 g"},"content":{"rendered":"<p>Gro\u017e\u0111ice prelivene slovenskom tamnom \u010dokoladom u rinfuznom pakiranju. Cijena samo 13,39 \u20ac po kilogramu!<\/p>\n","protected":false},"excerpt":{"rendered":"<p>Gro\u017e\u0111ice prelivene slovenskom tamnom \u010dokoladom u rinfuznom pakiranju. Cijena samo 13,39 \u20ac po kilogramu!<\/p>\n","protected":false},"featured_media":5212,"template":"","meta":{"_acf_changed":false},"product_brand":[],"product_cat":[292,124,250,271,268],"product_tag":[],"class_list":{"0":"post-9624","1":"product","2":"type-product","3":"status-publish","4":"has-post-thumbnail","6":"product_cat-500-g-1000-g-hr","7":"product_cat-cokoladirano","8":"product_cat-za-cokoholicare","9":"product_cat-za-opskrbu-jer-se-isplati","10":"product_cat-zabava-dogadanja","12":"first","13":"instock","14":"taxable","15":"shipping-taxable","16":"purchasable","17":"product-type-simple"},"acf":[],"mb":[],"jetpack_sharing_enabled":true,"mfb_rest_fields":["title","jetpack_sharing_enabled"],"_links":{"self":[{"href":"https:\/\/odlicno.si\/hr\/wp-json\/wp\/v2\/product\/9624","targetHints":{"allow":["GET"]}}],"collection":[{"href":"https:\/\/odlicno.si\/hr\/wp-json\/wp\/v2\/product"}],"about":[{"href":"https:\/\/odlicno.si\/hr\/wp-json\/wp\/v2\/types\/product"}],"wp:featuredmedia":[{"embeddable":true,"href":"https:\/\/odlicno.si\/hr\/wp-json\/wp\/v2\/media\/5212"}],"wp:attachment":[{"href":"https:\/\/odlicno.si\/hr\/wp-json\/wp\/v2\/media?parent=9624"}],"wp:term":[{"taxonomy":"product_brand","embeddable":true,"href":"https:\/\/odlicno.si\/hr\/wp-json\/wp\/v2\/product_brand?post=9624"},{"taxonomy":"product_cat","embeddable":true,"href":"https:\/\/odlicno.si\/hr\/wp-json\/wp\/v2\/product_cat?post=9624"},{"taxonomy":"product_tag","embeddable":true,"href":"https:\/\/odlicno.si\/hr\/wp-json\/wp\/v2\/product_tag?post=9624"}],"curies":[{"name":"wp","href":"https:\/\/api.w.org\/{rel}","templated":true}]}}