{"id":9608,"date":"2024-12-02T11:33:45","date_gmt":"2024-12-02T10:33:45","guid":{"rendered":"https:\/\/odlicno.mojwww.si\/trgovina\/Bez kategorije\/mjesavina-kikirikija-i-indijskih-orascica-s-cilijem-tasty-142-gratis-16-x-60-g\/"},"modified":"2024-12-02T11:33:45","modified_gmt":"2024-12-02T10:33:45","slug":"mjesavina-kikirikija-i-indijskih-orascica-s-cilijem-tasty-142-gratis-16-x-60-g","status":"publish","type":"product","link":"https:\/\/odlicno.si\/hr\/proizvodi\/35-g-60-g-hr\/mjesavina-kikirikija-i-indijskih-orascica-s-cilijem-tasty-142-gratis-16-x-60-g\/","title":{"rendered":"Mje\u0161avina kikirikija i indijskih ora\u0161\u010di\u0107a s \u010dilijem Tasty, 14+2 gratis 16 x 60 g"},"content":{"rendered":"<p class=\"text-align-justify\"><span style=\"-webkit-text-stroke-width: 0px; background-color: #ffffff; color: #1b2b59; display: inline !important; float: none; font-family: Roboto, sans-serif; font-size: 19px; font-style: normal; font-variant-caps: normal; font-variant-ligatures: normal; font-weight: 300; letter-spacing: normal; orphans: 2; text-align: start; text-decoration-color: initial; text-decoration-style: initial; text-decoration-thickness: initial; text-indent: 0px; text-transform: none; white-space: normal; widows: 2; word-spacing: 0px;\">Na\u0161a<\/span> <strong style=\"-webkit-text-stroke-width: 0px; background-color: #ffffff; box-sizing: border-box; color: #1b2b59; font-family: Roboto, sans-serif; font-size: 19px; font-style: normal; font-variant-caps: normal; font-variant-ligatures: normal; font-weight: 500; letter-spacing: normal; orphans: 2; text-align: start; text-decoration-color: initial; text-decoration-style: initial; text-decoration-thickness: initial; text-indent: 0px; text-transform: none; white-space: normal; widows: 2; word-spacing: 0px;\">vlastita<\/strong> mje\u0161avina <span style=\"-webkit-text-stroke-width: 0px; background-color: #ffffff; color: #1b2b59; display: inline !important; float: none; font-family: Roboto, sans-serif; font-size: 19px; font-style: normal; font-variant-caps: normal; font-variant-ligatures: normal; font-weight: 300; letter-spacing: normal; orphans: 2; text-align: start; text-decoration-color: initial; text-decoration-style: initial; text-decoration-thickness: initial; text-indent: 0px; text-transform: none; white-space: normal; widows: 2; word-spacing: 0px;\">pr\u017eenog kikirikija i indijskih ora\u0161\u010di\u0107a s komadi\u0107ima<\/span> <strong style=\"-webkit-text-stroke-width: 0px; background-color: #ffffff; box-sizing: border-box; color: #1b2b59; font-family: Roboto, sans-serif; font-size: 19px; font-style: normal; font-variant-caps: normal; font-variant-ligatures: normal; font-weight: 500; letter-spacing: normal; orphans: 2; text-align: start; text-decoration-color: initial; text-decoration-style: initial; text-decoration-thickness: initial; text-indent: 0px; text-transform: none; white-space: normal; widows: 2; word-spacing: 0px;\">pravog \u010dilija<\/strong><span style=\"-webkit-text-stroke-width: 0px; background-color: #ffffff; color: #1b2b59; display: inline !important; float: none; font-family: Roboto, sans-serif; font-size: 19px; font-style: normal; font-variant-caps: normal; font-variant-ligatures: normal; font-weight: 300; letter-spacing: normal; orphans: 2; text-align: start; text-decoration-color: initial; text-decoration-style: initial; text-decoration-thickness: initial; text-indent: 0px; text-transform: none; white-space: normal; widows: 2; word-spacing: 0px;\">  i mje\u0161avina za\u010dina. prijatno <\/span> <strong style=\"-webkit-text-stroke-width: 0px; background-color: #ffffff; box-sizing: border-box; color: #1b2b59; font-family: Roboto, sans-serif; font-size: 19px; font-style: normal; font-variant-caps: normal; font-variant-ligatures: normal; font-weight: 500; letter-spacing: normal; orphans: 2; text-align: start; text-decoration-color: initial; text-decoration-style: initial; text-decoration-thickness: initial; text-indent: 0px; text-transform: none; white-space: normal; widows: 2; word-spacing: 0px;\">ljuti zalogaj<\/strong> <span style=\"-webkit-text-stroke-width: 0px; background-color: #ffffff; color: #1b2b59; display: inline !important; float: none; font-family: Roboto, sans-serif; font-size: 19px; font-style: normal; font-variant-caps: normal; font-variant-ligatures: normal; font-weight: 300; letter-spacing: normal; orphans: 2; text-align: start; text-decoration-color: initial; text-decoration-style: initial; text-decoration-thickness: initial; text-indent: 0px; text-transform: none; white-space: normal; widows: 2; word-spacing: 0px;\">koji se mo\u017ee koristiti i kod pripreme azijskih jela.<\/span><\/p>\n","protected":false},"excerpt":{"rendered":"<p>Na\u0161a vlastita mje\u0161avina pr\u017eenog kikirikija i indijskih ora\u0161\u010di\u0107a s komadi\u0107ima pravog \u010dilija i mje\u0161avina za\u010dina. prijatno ljuti zalogaj koji se mo\u017ee koristiti i kod pripreme azijskih jela.<\/p>\n","protected":false},"featured_media":2960,"template":"","meta":{"_acf_changed":false},"product_brand":[],"product_cat":[281,284,122,271],"product_tag":[],"class_list":{"0":"post-9608","1":"product","2":"type-product","3":"status-publish","4":"has-post-thumbnail","6":"product_cat-35-g-60-g-hr","7":"product_cat-60-g-100-g-hr","8":"product_cat-premium","9":"product_cat-za-opskrbu-jer-se-isplati","11":"first","12":"instock","13":"sale","14":"taxable","15":"shipping-taxable","16":"purchasable","17":"product-type-simple"},"acf":[],"mb":[],"jetpack_sharing_enabled":true,"mfb_rest_fields":["title","jetpack_sharing_enabled"],"_links":{"self":[{"href":"https:\/\/odlicno.si\/hr\/wp-json\/wp\/v2\/product\/9608","targetHints":{"allow":["GET"]}}],"collection":[{"href":"https:\/\/odlicno.si\/hr\/wp-json\/wp\/v2\/product"}],"about":[{"href":"https:\/\/odlicno.si\/hr\/wp-json\/wp\/v2\/types\/product"}],"wp:featuredmedia":[{"embeddable":true,"href":"https:\/\/odlicno.si\/hr\/wp-json\/wp\/v2\/media\/2960"}],"wp:attachment":[{"href":"https:\/\/odlicno.si\/hr\/wp-json\/wp\/v2\/media?parent=9608"}],"wp:term":[{"taxonomy":"product_brand","embeddable":true,"href":"https:\/\/odlicno.si\/hr\/wp-json\/wp\/v2\/product_brand?post=9608"},{"taxonomy":"product_cat","embeddable":true,"href":"https:\/\/odlicno.si\/hr\/wp-json\/wp\/v2\/product_cat?post=9608"},{"taxonomy":"product_tag","embeddable":true,"href":"https:\/\/odlicno.si\/hr\/wp-json\/wp\/v2\/product_tag?post=9608"}],"curies":[{"name":"wp","href":"https:\/\/api.w.org\/{rel}","templated":true}]}}