{"id":9580,"date":"2024-12-02T11:34:08","date_gmt":"2024-12-02T10:34:08","guid":{"rendered":"https:\/\/odlicno.mojwww.si\/trgovina\/Bez kategorije\/indijski-orascici-na-toskanski-tasty-142-gratis-16-x-60-g\/"},"modified":"2024-12-02T11:34:08","modified_gmt":"2024-12-02T10:34:08","slug":"indijski-orascici-na-toskanski-tasty-142-gratis-16-x-60-g","status":"publish","type":"product","link":"https:\/\/odlicno.si\/hr\/proizvodi\/35-g-60-g-hr\/indijski-orascici-na-toskanski-tasty-142-gratis-16-x-60-g\/","title":{"rendered":"Indijski ora\u0161\u010di\u0107i na toskanski Tasty, 14+2 gratis 16 x 60 g"},"content":{"rendered":"<p style=\"-webkit-font-smoothing: antialiased; -webkit-text-stroke-width: 0px; background-color: #ffffff; box-sizing: border-box; color: #1b2b59; font-family: Roboto, sans-serif; font-size: 19px; font-style: normal; font-variant-caps: normal; font-variant-ligatures: normal; font-weight: 300; letter-spacing: normal; margin: 0px 0px 1.25rem; orphans: 2; text-align: start; text-decoration-color: initial; text-decoration-style: initial; text-decoration-thickness: initial; text-indent: 0px; text-transform: none; white-space: normal; widows: 2; word-spacing: 0px;\">Kremaste indijske ora\u0161\u010di\u0107e pe\u010demo u vlastitoj pr\u017eionici na suncokretovom ulju. Dodamo kombinaciju pravih crnih maslina i ru\u017emarina koja nas vodi na kulinarsko putovanje Toskanom.<\/p>\n<p class=\"text-align-justify\" style=\"-webkit-font-smoothing: antialiased; -webkit-text-stroke-width: 0px; background-color: #ffffff; box-sizing: border-box; color: #1b2b59; font-family: Roboto, sans-serif; font-size: 19px; font-style: normal; font-variant-caps: normal; font-variant-ligatures: normal; font-weight: 300; letter-spacing: normal; margin: 0px 0px 1.25rem; orphans: 2; text-align: start; text-decoration-color: initial; text-decoration-style: initial; text-decoration-thickness: initial; text-indent: 0px; text-transform: none; white-space: normal; widows: 2; word-spacing: 0px;\">Pakiraju se u kontroliranoj atmosferi kako bi se o\u010duvala hrskavost i autenti\u010dan okus.<\/p>\n","protected":false},"excerpt":{"rendered":"<p>Kremaste indijske ora\u0161\u010di\u0107e pe\u010demo u vlastitoj pr\u017eionici na suncokretovom ulju. Dodamo kombinaciju pravih crnih maslina i ru\u017emarina koja nas vodi na kulinarsko putovanje Toskanom. Pakiraju se u kontroliranoj atmosferi kako bi se o\u010duvala hrskavost i autenti\u010dan okus.<\/p>\n","protected":false},"featured_media":2932,"template":"","meta":{"_acf_changed":false},"product_brand":[],"product_cat":[281,284,122,239,271],"product_tag":[],"class_list":{"0":"post-9580","1":"product","2":"type-product","3":"status-publish","4":"has-post-thumbnail","6":"product_cat-35-g-60-g-hr","7":"product_cat-60-g-100-g-hr","8":"product_cat-premium","9":"product_cat-prije-isteka-roka-trajanja","10":"product_cat-za-opskrbu-jer-se-isplati","12":"first","13":"instock","14":"sale","15":"taxable","16":"shipping-taxable","17":"purchasable","18":"product-type-simple"},"acf":[],"mb":[],"jetpack_sharing_enabled":true,"mfb_rest_fields":["title","jetpack_sharing_enabled"],"_links":{"self":[{"href":"https:\/\/odlicno.si\/hr\/wp-json\/wp\/v2\/product\/9580","targetHints":{"allow":["GET"]}}],"collection":[{"href":"https:\/\/odlicno.si\/hr\/wp-json\/wp\/v2\/product"}],"about":[{"href":"https:\/\/odlicno.si\/hr\/wp-json\/wp\/v2\/types\/product"}],"wp:featuredmedia":[{"embeddable":true,"href":"https:\/\/odlicno.si\/hr\/wp-json\/wp\/v2\/media\/2932"}],"wp:attachment":[{"href":"https:\/\/odlicno.si\/hr\/wp-json\/wp\/v2\/media?parent=9580"}],"wp:term":[{"taxonomy":"product_brand","embeddable":true,"href":"https:\/\/odlicno.si\/hr\/wp-json\/wp\/v2\/product_brand?post=9580"},{"taxonomy":"product_cat","embeddable":true,"href":"https:\/\/odlicno.si\/hr\/wp-json\/wp\/v2\/product_cat?post=9580"},{"taxonomy":"product_tag","embeddable":true,"href":"https:\/\/odlicno.si\/hr\/wp-json\/wp\/v2\/product_tag?post=9580"}],"curies":[{"name":"wp","href":"https:\/\/api.w.org\/{rel}","templated":true}]}}