{"id":9576,"date":"2024-12-02T11:33:45","date_gmt":"2024-12-02T10:33:45","guid":{"rendered":"https:\/\/odlicno.mojwww.si\/trgovina\/Bez kategorije\/kikiriki-s-cilijem-tasty-71-gratis-8-x-200-g\/"},"modified":"2024-12-02T11:33:45","modified_gmt":"2024-12-02T10:33:45","slug":"kikiriki-s-cilijem-tasty-71-gratis-8-x-200-g","status":"publish","type":"product","link":"https:\/\/odlicno.si\/hr\/proizvodi\/premium\/kikiriki-s-cilijem-tasty-71-gratis-8-x-200-g\/","title":{"rendered":"Kikiriki s \u010dilijem Tasty, 7+1 gratis 8 x 200 g"},"content":{"rendered":"<p class=\"text-align-justify\"><span style=\"-webkit-text-stroke-width: 0px; background-color: #ffffff; color: #1b2b59; display: inline !important; float: none; font-family: Roboto, sans-serif; font-size: 19px; font-style: normal; font-variant-caps: normal; font-variant-ligatures: normal; font-weight: 300; letter-spacing: normal; orphans: 2; text-align: justify; text-decoration-color: initial; text-decoration-style: initial; text-decoration-thickness: initial; text-indent: 0px; text-transform: none; white-space: normal; widows: 2; word-spacing: 0px;\">Kikirikiju pr\u017eenom u suncokretovom ulju u vlastitoj pr\u017eionici dodamo komadi\u0107e<\/span> <strong style=\"-webkit-text-stroke-width: 0px; background-color: #ffffff; box-sizing: border-box; color: #1b2b59; font-family: Roboto, sans-serif; font-size: 19px; font-style: normal; font-variant-caps: normal; font-variant-ligatures: normal; font-weight: 500; letter-spacing: normal; orphans: 2; text-align: justify; text-decoration-color: initial; text-decoration-style: initial; text-decoration-thickness: initial; text-indent: 0px; text-transform: none; white-space: normal; widows: 2; word-spacing: 0px;\">pravog \u010dilija<\/strong> <span style=\"-webkit-text-stroke-width: 0px; background-color: #ffffff; color: #1b2b59; display: inline !important; float: none; font-family: Roboto, sans-serif; font-size: 19px; font-style: normal; font-variant-caps: normal; font-variant-ligatures: normal; font-weight: 300; letter-spacing: normal; orphans: 2; text-align: justify; text-decoration-color: initial; text-decoration-style: initial; text-decoration-thickness: initial; text-indent: 0px; text-transform: none; white-space: normal; widows: 2; word-spacing: 0px;\">i za\u010dinima, \u0161to im daje ugodno ljut okus. Prikladni su kao samostalni me\u0111uobrok, ali ih mo\u017eete koristiti i u pripremi raznih pikantnih glavnih jela azijske kuhinje. <\/span><\/p>\n","protected":false},"excerpt":{"rendered":"<p>Kikirikiju pr\u017eenom u suncokretovom ulju u vlastitoj pr\u017eionici dodamo komadi\u0107e pravog \u010dilija i za\u010dinima, \u0161to im daje ugodno ljut okus. Prikladni su kao samostalni me\u0111uobrok, ali ih mo\u017eete koristiti i u pripremi raznih pikantnih glavnih jela azijske kuhinje.<\/p>\n","protected":false},"featured_media":2904,"template":"","meta":{"_acf_changed":false},"product_brand":[],"product_cat":[122],"product_tag":[],"class_list":{"0":"post-9576","1":"product","2":"type-product","3":"status-publish","4":"has-post-thumbnail","6":"product_cat-premium","8":"first","9":"instock","10":"sale","11":"taxable","12":"shipping-taxable","13":"purchasable","14":"product-type-simple"},"acf":[],"mb":[],"jetpack_sharing_enabled":true,"mfb_rest_fields":["title","jetpack_sharing_enabled"],"_links":{"self":[{"href":"https:\/\/odlicno.si\/hr\/wp-json\/wp\/v2\/product\/9576","targetHints":{"allow":["GET"]}}],"collection":[{"href":"https:\/\/odlicno.si\/hr\/wp-json\/wp\/v2\/product"}],"about":[{"href":"https:\/\/odlicno.si\/hr\/wp-json\/wp\/v2\/types\/product"}],"wp:featuredmedia":[{"embeddable":true,"href":"https:\/\/odlicno.si\/hr\/wp-json\/wp\/v2\/media\/2904"}],"wp:attachment":[{"href":"https:\/\/odlicno.si\/hr\/wp-json\/wp\/v2\/media?parent=9576"}],"wp:term":[{"taxonomy":"product_brand","embeddable":true,"href":"https:\/\/odlicno.si\/hr\/wp-json\/wp\/v2\/product_brand?post=9576"},{"taxonomy":"product_cat","embeddable":true,"href":"https:\/\/odlicno.si\/hr\/wp-json\/wp\/v2\/product_cat?post=9576"},{"taxonomy":"product_tag","embeddable":true,"href":"https:\/\/odlicno.si\/hr\/wp-json\/wp\/v2\/product_tag?post=9576"}],"curies":[{"name":"wp","href":"https:\/\/api.w.org\/{rel}","templated":true}]}}