{"id":9343,"date":"2024-12-02T11:42:48","date_gmt":"2024-12-02T10:42:48","guid":{"rendered":"https:\/\/odlicno.mojwww.si\/trgovina\/Bez kategorije\/brusnice-u-mlijecnoj-cokoladi-5000-g\/"},"modified":"2024-12-02T11:42:48","modified_gmt":"2024-12-02T10:42:48","slug":"brusnice-u-mlijecnoj-cokoladi-5000-g","status":"publish","type":"product","link":"https:\/\/odlicno.si\/hr\/proizvodi\/500-g-1000-g-hr\/brusnice-u-mlijecnoj-cokoladi-5000-g\/","title":{"rendered":"Brusnice u mlije\u010dnoj \u010dokoladi 5000 g"},"content":{"rendered":"<p>Brusnice prelivene slovenskom mlije\u010dnom \u010dokoladom u rinfuzi. Cijena je samo 16,49 \u20ac po kilogramu!<\/p>\n","protected":false},"excerpt":{"rendered":"<p>Brusnice prelivene slovenskom mlije\u010dnom \u010dokoladom u rinfuzi. Cijena je samo 16,49 \u20ac po kilogramu!<\/p>\n","protected":false},"featured_media":6208,"template":"","meta":{"_acf_changed":false},"product_brand":[],"product_cat":[292,124,250,271],"product_tag":[],"class_list":{"0":"post-9343","1":"product","2":"type-product","3":"status-publish","4":"has-post-thumbnail","6":"product_cat-500-g-1000-g-hr","7":"product_cat-cokoladirano","8":"product_cat-za-cokoholicare","9":"product_cat-za-opskrbu-jer-se-isplati","11":"first","12":"instock","13":"sale","14":"taxable","15":"shipping-taxable","16":"purchasable","17":"product-type-simple"},"acf":[],"mb":[],"jetpack_sharing_enabled":true,"mfb_rest_fields":["title","jetpack_sharing_enabled"],"_links":{"self":[{"href":"https:\/\/odlicno.si\/hr\/wp-json\/wp\/v2\/product\/9343","targetHints":{"allow":["GET"]}}],"collection":[{"href":"https:\/\/odlicno.si\/hr\/wp-json\/wp\/v2\/product"}],"about":[{"href":"https:\/\/odlicno.si\/hr\/wp-json\/wp\/v2\/types\/product"}],"wp:featuredmedia":[{"embeddable":true,"href":"https:\/\/odlicno.si\/hr\/wp-json\/wp\/v2\/media\/6208"}],"wp:attachment":[{"href":"https:\/\/odlicno.si\/hr\/wp-json\/wp\/v2\/media?parent=9343"}],"wp:term":[{"taxonomy":"product_brand","embeddable":true,"href":"https:\/\/odlicno.si\/hr\/wp-json\/wp\/v2\/product_brand?post=9343"},{"taxonomy":"product_cat","embeddable":true,"href":"https:\/\/odlicno.si\/hr\/wp-json\/wp\/v2\/product_cat?post=9343"},{"taxonomy":"product_tag","embeddable":true,"href":"https:\/\/odlicno.si\/hr\/wp-json\/wp\/v2\/product_tag?post=9343"}],"curies":[{"name":"wp","href":"https:\/\/api.w.org\/{rel}","templated":true}]}}