{"id":9267,"date":"2024-12-02T11:42:49","date_gmt":"2024-12-02T10:42:49","guid":{"rendered":"https:\/\/odlicno.mojwww.si\/trgovina\/Bez%20kategorije\/ljesnjaci-u-mlijecnoj-cokoladi\/"},"modified":"2025-01-04T23:56:18","modified_gmt":"2025-01-04T22:56:18","slug":"ljesnjaci-u-mlijecnoj-cokoladi","status":"publish","type":"product","link":"https:\/\/odlicno.si\/hr\/proizvodi\/500-g-1000-g-hr\/ljesnjaci-u-mlijecnoj-cokoladi\/","title":{"rendered":"Lje\u0161njaci u mlije\u010dnoj \u010dokoladi 5000 g"},"content":{"rendered":"<p>Lje\u0161njaci preliveni slovenskom \u010dokoladom. Cijena po kilogramu je samo 17,99 \u20ac!<\/p>\n","protected":false},"excerpt":{"rendered":"<p>Lje\u0161njaci preliveni slovenskom \u010dokoladom. Cijena po kilogramu je samo 17,99 \u20ac!<\/p>\n","protected":false},"featured_media":6224,"template":"","meta":{"_acf_changed":false},"product_brand":[],"product_cat":[292,124,250,271],"product_tag":[],"class_list":{"0":"post-9267","1":"product","2":"type-product","3":"status-publish","4":"has-post-thumbnail","6":"product_cat-500-g-1000-g-hr","7":"product_cat-cokoladirano","8":"product_cat-za-cokoholicare","9":"product_cat-za-opskrbu-jer-se-isplati","11":"first","12":"instock","13":"taxable","14":"shipping-taxable","15":"purchasable","16":"product-type-simple"},"acf":[],"mb":[],"jetpack_sharing_enabled":true,"mfb_rest_fields":["title","jetpack_sharing_enabled"],"_links":{"self":[{"href":"https:\/\/odlicno.si\/hr\/wp-json\/wp\/v2\/product\/9267","targetHints":{"allow":["GET"]}}],"collection":[{"href":"https:\/\/odlicno.si\/hr\/wp-json\/wp\/v2\/product"}],"about":[{"href":"https:\/\/odlicno.si\/hr\/wp-json\/wp\/v2\/types\/product"}],"wp:featuredmedia":[{"embeddable":true,"href":"https:\/\/odlicno.si\/hr\/wp-json\/wp\/v2\/media\/6224"}],"wp:attachment":[{"href":"https:\/\/odlicno.si\/hr\/wp-json\/wp\/v2\/media?parent=9267"}],"wp:term":[{"taxonomy":"product_brand","embeddable":true,"href":"https:\/\/odlicno.si\/hr\/wp-json\/wp\/v2\/product_brand?post=9267"},{"taxonomy":"product_cat","embeddable":true,"href":"https:\/\/odlicno.si\/hr\/wp-json\/wp\/v2\/product_cat?post=9267"},{"taxonomy":"product_tag","embeddable":true,"href":"https:\/\/odlicno.si\/hr\/wp-json\/wp\/v2\/product_tag?post=9267"}],"curies":[{"name":"wp","href":"https:\/\/api.w.org\/{rel}","templated":true}]}}