{"id":9261,"date":"2024-12-02T11:43:10","date_gmt":"2024-12-02T10:43:10","guid":{"rendered":"https:\/\/odlicno.mojwww.si\/trgovina\/Bez%20kategorije\/indijski-orascici-sa-sirom-i-cilijem-ukusno-7-1-besplatno\/"},"modified":"2025-08-28T06:50:37","modified_gmt":"2025-08-28T05:50:37","slug":"indijski-orascici-sa-sirom-i-cilijem-ukusno-7-1-besplatno","status":"publish","type":"product","link":"https:\/\/odlicno.si\/hr\/proizvodi\/500-g-1000-g-hr\/indijski-orascici-sa-sirom-i-cilijem-ukusno-7-1-besplatno\/","title":{"rendered":"Indijski ora\u0161\u010di\u0107i sa sirom i \u010dilijem Tasty, 7 + 1 besplatno"},"content":{"rendered":"<p class=\"text-align-justify\">Kremasti indijski ora\u0161\u010di\u0107i, svje\u017ee pe\u010deni u vlastitoj pr\u017eionici na suncokretovom ulju. Dodani su im komadi\u0107i pravog sira i \u010dilija pa imaju ugodan pikantni miris i odli\u010dan su zalogaj za prave gurmane.<\/p>\n<p class=\"text-align-justify\">Pakiraju se u kontroliranoj atmosferi kako bi se o\u010duvala hrskavost i autenti\u010dan okus.<\/p>\n","protected":false},"excerpt":{"rendered":"<p>Kremasti indijski ora\u0161\u010di\u0107i, svje\u017ee pe\u010deni u vlastitoj pr\u017eionici na suncokretovom ulju. Dodani su im komadi\u0107i pravog sira i \u010dilija pa imaju ugodan pikantni miris i odli\u010dan su zalogaj za prave gurmane. Pakiraju se u kontroliranoj atmosferi kako bi se o\u010duvala hrskavost i autenti\u010dan okus.<\/p>\n","protected":false},"featured_media":6240,"template":"","meta":{"_acf_changed":false},"product_brand":[],"product_cat":[292,122],"product_tag":[],"class_list":{"0":"post-9261","1":"product","2":"type-product","3":"status-publish","4":"has-post-thumbnail","6":"product_cat-500-g-1000-g-hr","7":"product_cat-premium","9":"first","10":"outofstock","11":"sale","12":"taxable","13":"shipping-taxable","14":"purchasable","15":"product-type-simple"},"acf":[],"mb":[],"jetpack_sharing_enabled":true,"mfb_rest_fields":["title","jetpack_sharing_enabled"],"_links":{"self":[{"href":"https:\/\/odlicno.si\/hr\/wp-json\/wp\/v2\/product\/9261","targetHints":{"allow":["GET"]}}],"collection":[{"href":"https:\/\/odlicno.si\/hr\/wp-json\/wp\/v2\/product"}],"about":[{"href":"https:\/\/odlicno.si\/hr\/wp-json\/wp\/v2\/types\/product"}],"wp:featuredmedia":[{"embeddable":true,"href":"https:\/\/odlicno.si\/hr\/wp-json\/wp\/v2\/media\/6240"}],"wp:attachment":[{"href":"https:\/\/odlicno.si\/hr\/wp-json\/wp\/v2\/media?parent=9261"}],"wp:term":[{"taxonomy":"product_brand","embeddable":true,"href":"https:\/\/odlicno.si\/hr\/wp-json\/wp\/v2\/product_brand?post=9261"},{"taxonomy":"product_cat","embeddable":true,"href":"https:\/\/odlicno.si\/hr\/wp-json\/wp\/v2\/product_cat?post=9261"},{"taxonomy":"product_tag","embeddable":true,"href":"https:\/\/odlicno.si\/hr\/wp-json\/wp\/v2\/product_tag?post=9261"}],"curies":[{"name":"wp","href":"https:\/\/api.w.org\/{rel}","templated":true}]}}