{"id":9256,"date":"2024-12-02T11:43:11","date_gmt":"2024-12-02T10:43:11","guid":{"rendered":"https:\/\/odlicno.mojwww.si\/trgovina\/Bez%20kategorije\/mango-colada-izvrsna\/"},"modified":"2025-03-20T13:36:30","modified_gmt":"2025-03-20T12:36:30","slug":"mango-colada-izvrsna","status":"publish","type":"product","link":"https:\/\/odlicno.si\/hr\/proizvodi\/mjesavine-i-grickalice\/grickalice\/mango-colada-izvrsna\/","title":{"rendered":"Mango Colada Odli\u010dno 150 g"},"content":{"rendered":"<p>Odli\u010dan miks kokosovih kockica, \u010dipsa od banane, manga, indijskih ora\u0161\u010di\u0107a i badema.<\/p>\n<blockquote><p>Fantazija tropskog okusa!<\/p><\/blockquote>\n","protected":false},"excerpt":{"rendered":"<p>Odli\u010dan miks kokosovih kockica, \u010dipsa od banane, manga, indijskih ora\u0161\u010di\u0107a i badema. Fantazija tropskog okusa!<\/p>\n","protected":false},"featured_media":6264,"template":"","meta":{"_acf_changed":false},"product_brand":[],"product_cat":[286,115,114,113,256],"product_tag":[],"class_list":{"0":"post-9256","1":"product","2":"type-product","3":"status-publish","4":"has-post-thumbnail","6":"product_cat-100-g-300-g-hr","7":"product_cat-grickalice","8":"product_cat-mjesavine","9":"product_cat-mjesavine-i-grickalice","10":"product_cat-za-izlete-lutanja","12":"first","13":"instock","14":"featured","15":"taxable","16":"shipping-taxable","17":"purchasable","18":"product-type-simple"},"acf":[],"mb":[],"jetpack_sharing_enabled":true,"mfb_rest_fields":["title","jetpack_sharing_enabled"],"_links":{"self":[{"href":"https:\/\/odlicno.si\/hr\/wp-json\/wp\/v2\/product\/9256","targetHints":{"allow":["GET"]}}],"collection":[{"href":"https:\/\/odlicno.si\/hr\/wp-json\/wp\/v2\/product"}],"about":[{"href":"https:\/\/odlicno.si\/hr\/wp-json\/wp\/v2\/types\/product"}],"wp:featuredmedia":[{"embeddable":true,"href":"https:\/\/odlicno.si\/hr\/wp-json\/wp\/v2\/media\/6264"}],"wp:attachment":[{"href":"https:\/\/odlicno.si\/hr\/wp-json\/wp\/v2\/media?parent=9256"}],"wp:term":[{"taxonomy":"product_brand","embeddable":true,"href":"https:\/\/odlicno.si\/hr\/wp-json\/wp\/v2\/product_brand?post=9256"},{"taxonomy":"product_cat","embeddable":true,"href":"https:\/\/odlicno.si\/hr\/wp-json\/wp\/v2\/product_cat?post=9256"},{"taxonomy":"product_tag","embeddable":true,"href":"https:\/\/odlicno.si\/hr\/wp-json\/wp\/v2\/product_tag?post=9256"}],"curies":[{"name":"wp","href":"https:\/\/api.w.org\/{rel}","templated":true}]}}