{"id":9253,"date":"2024-12-02T11:43:20","date_gmt":"2024-12-02T10:43:20","guid":{"rendered":"https:\/\/odlicno.mojwww.si\/trgovina\/Bez%20kategorije\/kukuruz-peceni-i-soljeni-odlican\/"},"modified":"2025-08-20T08:41:36","modified_gmt":"2025-08-20T07:41:36","slug":"kukuruz-peceni-i-soljeni-odlican","status":"publish","type":"product","link":"https:\/\/odlicno.si\/hr\/proizvodi\/mjesavine-i-grickalice\/grickalice\/kukuruz-peceni-i-soljeni-odlican\/","title":{"rendered":"Kukuruz pe\u010deni i soljeni Odli\u010dno 80 g"},"content":{"rendered":"<p class=\"text-align-justify\">Pe\u010deni i blago posoljeni kukuruz idealan je izbor za <strong>hrskavi i ukusni me\u0111uobrok<\/strong> za uta\u017eivanje gladi kod ku\u0107e, u pokretu ili na poslu. <strong>Prakti\u010dno pakiranje<\/strong> omogu\u0107uje jednostavno skladi\u0161tenje i kori\u0161tenje.<\/p>\n<blockquote><p>Ukusni slani zalogaji za svaku dobru zabavu i dru\u017eenje!<\/p><\/blockquote>\n","protected":false},"excerpt":{"rendered":"<p>Pe\u010deni i blago posoljeni kukuruz idealan je izbor za hrskavi i ukusni me\u0111uobrok za uta\u017eivanje gladi kod ku\u0107e, u pokretu ili na poslu. Prakti\u010dno pakiranje omogu\u0107uje jednostavno skladi\u0161tenje i kori\u0161tenje. Ukusni slani zalogaji za svaku dobru zabavu i dru\u017eenje!<\/p>\n","protected":false},"featured_media":6273,"template":"","meta":{"_acf_changed":false},"product_brand":[],"product_cat":[284,115,113,256,262,268],"product_tag":[],"class_list":{"0":"post-9253","1":"product","2":"type-product","3":"status-publish","4":"has-post-thumbnail","6":"product_cat-60-g-100-g-hr","7":"product_cat-grickalice","8":"product_cat-mjesavine-i-grickalice","9":"product_cat-za-izlete-lutanja","10":"product_cat-za-uzgred","11":"product_cat-zabava-dogadanja","13":"first","14":"instock","15":"taxable","16":"shipping-taxable","17":"purchasable","18":"product-type-simple"},"acf":[],"mb":[],"jetpack_sharing_enabled":true,"mfb_rest_fields":["title","jetpack_sharing_enabled"],"_links":{"self":[{"href":"https:\/\/odlicno.si\/hr\/wp-json\/wp\/v2\/product\/9253","targetHints":{"allow":["GET"]}}],"collection":[{"href":"https:\/\/odlicno.si\/hr\/wp-json\/wp\/v2\/product"}],"about":[{"href":"https:\/\/odlicno.si\/hr\/wp-json\/wp\/v2\/types\/product"}],"wp:featuredmedia":[{"embeddable":true,"href":"https:\/\/odlicno.si\/hr\/wp-json\/wp\/v2\/media\/6273"}],"wp:attachment":[{"href":"https:\/\/odlicno.si\/hr\/wp-json\/wp\/v2\/media?parent=9253"}],"wp:term":[{"taxonomy":"product_brand","embeddable":true,"href":"https:\/\/odlicno.si\/hr\/wp-json\/wp\/v2\/product_brand?post=9253"},{"taxonomy":"product_cat","embeddable":true,"href":"https:\/\/odlicno.si\/hr\/wp-json\/wp\/v2\/product_cat?post=9253"},{"taxonomy":"product_tag","embeddable":true,"href":"https:\/\/odlicno.si\/hr\/wp-json\/wp\/v2\/product_tag?post=9253"}],"curies":[{"name":"wp","href":"https:\/\/api.w.org\/{rel}","templated":true}]}}