{"id":8859,"date":"2024-12-02T11:43:10","date_gmt":"2024-12-02T10:43:10","guid":{"rendered":"https:\/\/odlicno.mojwww.si\/trgovina\/Bez%20kategorije\/date-medjool-vrhunska-kvaliteta\/"},"modified":"2024-12-04T12:43:49","modified_gmt":"2024-12-04T11:43:49","slug":"datulja-medjool-premium-kvaliteta-500-g","status":"publish","type":"product","link":"https:\/\/odlicno.si\/hr\/proizvodi\/500-g-1000-g-hr\/datulja-medjool-premium-kvaliteta-500-g\/","title":{"rendered":"Datulja Medjool, premium kvaliteta, 500 g"},"content":{"rendered":"<p class=\"text-align-justify\">Medjool datulje poznate su po svojoj nje\u017enoj teksturi.\u00a0 Uz prirodnu slatko\u0107u koja podsje\u0107a na karamelizirani \u0161e\u0107er, Medjool datulje izvrstan su izbor za one koji \u017eele u\u017eivati \u200b\u200bu slatkom okusu prirode bez dodavanja \u0161e\u0107era. \u0160e\u0107er se u njima sporo osloba\u0111a, \u0161to daje energiju bez naglih oscilacija.<\/p>\n<p>Ove so\u010dne datulje nisu samo ukusne, ve\u0107 su i bogate prirodnim nutrijentima, \u0161to ih \u010dini odli\u010dnim dodatkom zdravoj prehrani.<\/p>\n<p>Medjool datulje vi\u0161e su od obi\u010dne grickalice. Mo\u017eete ih dodati raznim jelima kao \u0161to su smoothieji, salate, deserti ili \u010dak mesna jela za prirodnu slatko\u0107u i bogatiji okus.<\/p>\n<blockquote><p>Vrhunska kvaliteta.<\/p><\/blockquote>\n<p><strong>Prona\u0111ite inspiraciju me\u0111u receptima:<\/strong><\/p>\n<ul>\n<li><a href=\"\/blog\/naravno-sladki-ovseni-piskoti-z-arasidovim-namazom\">Prirodno slatki zobeni kola\u010di\u0107i s namazom od kikirikija<\/a><\/li>\n<li><a href=\"\/blog\/sladoledne-rezine-z-datlji-orescki\"><span class=\"field field-name-title field-formatter-string field-type-string field-label-hidden\" style=\"box-sizing: border-box; margin-bottom: 0px;\">Kri\u0161ke sladoleda s datuljama i orasima<\/span><\/a><\/li>\n<\/ul>\n","protected":false},"excerpt":{"rendered":"<p>Medjool datulje poznate su po svojoj nje\u017enoj teksturi.\u00a0 Uz prirodnu slatko\u0107u koja podsje\u0107a na karamelizirani \u0161e\u0107er, Medjool datulje izvrstan su izbor za one koji \u017eele u\u017eivati \u200b\u200bu slatkom okusu prirode bez dodavanja \u0161e\u0107era. \u0160e\u0107er se u njima sporo osloba\u0111a, \u0161to daje energiju bez naglih oscilacija. Ove so\u010dne datulje nisu samo ukusne, ve\u0107 su i bogate [&hellip;]<\/p>\n","protected":false},"featured_media":9522,"template":"","meta":{"_acf_changed":false},"product_brand":[],"product_cat":[292,259,239,123],"product_tag":[],"class_list":{"0":"post-8859","1":"product","2":"type-product","3":"status-publish","4":"has-post-thumbnail","6":"product_cat-500-g-1000-g-hr","7":"product_cat-kuhanje","8":"product_cat-prije-isteka-roka-trajanja","9":"product_cat-suho-voce","11":"first","12":"instock","13":"sale","14":"taxable","15":"shipping-taxable","16":"purchasable","17":"product-type-simple"},"acf":[],"mb":[],"jetpack_sharing_enabled":true,"mfb_rest_fields":["title","jetpack_sharing_enabled"],"_links":{"self":[{"href":"https:\/\/odlicno.si\/hr\/wp-json\/wp\/v2\/product\/8859","targetHints":{"allow":["GET"]}}],"collection":[{"href":"https:\/\/odlicno.si\/hr\/wp-json\/wp\/v2\/product"}],"about":[{"href":"https:\/\/odlicno.si\/hr\/wp-json\/wp\/v2\/types\/product"}],"wp:featuredmedia":[{"embeddable":true,"href":"https:\/\/odlicno.si\/hr\/wp-json\/wp\/v2\/media\/9522"}],"wp:attachment":[{"href":"https:\/\/odlicno.si\/hr\/wp-json\/wp\/v2\/media?parent=8859"}],"wp:term":[{"taxonomy":"product_brand","embeddable":true,"href":"https:\/\/odlicno.si\/hr\/wp-json\/wp\/v2\/product_brand?post=8859"},{"taxonomy":"product_cat","embeddable":true,"href":"https:\/\/odlicno.si\/hr\/wp-json\/wp\/v2\/product_cat?post=8859"},{"taxonomy":"product_tag","embeddable":true,"href":"https:\/\/odlicno.si\/hr\/wp-json\/wp\/v2\/product_tag?post=8859"}],"curies":[{"name":"wp","href":"https:\/\/api.w.org\/{rel}","templated":true}]}}