{"id":8534,"date":"2024-12-02T11:34:09","date_gmt":"2024-12-02T10:34:09","guid":{"rendered":"https:\/\/odlicno.mojwww.si\/?post_type=product&#038;p=8534"},"modified":"2025-01-05T00:07:25","modified_gmt":"2025-01-04T23:07:25","slug":"mjesavina-gourmet-odlicno","status":"publish","type":"product","link":"https:\/\/odlicno.si\/hr\/proizvodi\/mjesavine-i-grickalice\/grickalice\/mjesavina-gourmet-odlicno\/","title":{"rendered":"Mje\u0161avina Gourmet Odli\u010dno 125 g"},"content":{"rendered":"<p class=\"text-align-justify\">Gurmanska mje\u0161avina kombinira kikiriki, bademe, indijske ora\u0161\u010di\u0107e, pe\u010deni kukuruz, pekan orahe i makadamiju. Lagano posoljen i pr\u017een na suncokretovom ulju, savr\u0161en je izbor za ljubitelje kvalitetnih zalogaja. Idealan je za opu\u0161tene trenutke, dru\u017eenja ili kao hranjiv me\u0111uobrok izme\u0111u obroka. Zahvaljuju\u0107i pomno odabranim sastojcima, ima bogat okus &#8211; <strong>premium kvaliteta za zahtjevne ukuse<\/strong>.<\/p>\n<p class=\"text-align-justify\">Proizvod je pr\u017een u suncokretovom ulju i ne sadr\u017ei umjetne dodatke.<\/p>\n<blockquote><p>Ukusni slani zalogaji iz vlastite pe\u010denjare za svaku dobru zabavu i dru\u017eenje.<\/p><\/blockquote>\n","protected":false},"excerpt":{"rendered":"<p>Gurmanska mje\u0161avina kombinira kikiriki, bademe, indijske ora\u0161\u010di\u0107e, pe\u010deni kukuruz, pekan orahe i makadamiju. Lagano posoljen i pr\u017een na suncokretovom ulju, savr\u0161en je izbor za ljubitelje kvalitetnih zalogaja. Idealan je za opu\u0161tene trenutke, dru\u017eenja ili kao hranjiv me\u0111uobrok izme\u0111u obroka. Zahvaljuju\u0107i pomno odabranim sastojcima, ima bogat okus &#8211; premium kvaliteta za zahtjevne ukuse. Proizvod je pr\u017een [&hellip;]<\/p>\n","protected":false},"featured_media":3732,"template":"","meta":{"_acf_changed":false},"product_brand":[],"product_cat":[286,115,114,113,256,268],"product_tag":[],"class_list":{"0":"post-8534","1":"product","2":"type-product","3":"status-publish","4":"has-post-thumbnail","6":"product_cat-100-g-300-g-hr","7":"product_cat-grickalice","8":"product_cat-mjesavine","9":"product_cat-mjesavine-i-grickalice","10":"product_cat-za-izlete-lutanja","11":"product_cat-zabava-dogadanja","13":"first","14":"instock","15":"featured","16":"taxable","17":"shipping-taxable","18":"purchasable","19":"product-type-simple"},"acf":[],"mb":[],"jetpack_sharing_enabled":true,"mfb_rest_fields":["title","jetpack_sharing_enabled"],"_links":{"self":[{"href":"https:\/\/odlicno.si\/hr\/wp-json\/wp\/v2\/product\/8534","targetHints":{"allow":["GET"]}}],"collection":[{"href":"https:\/\/odlicno.si\/hr\/wp-json\/wp\/v2\/product"}],"about":[{"href":"https:\/\/odlicno.si\/hr\/wp-json\/wp\/v2\/types\/product"}],"wp:featuredmedia":[{"embeddable":true,"href":"https:\/\/odlicno.si\/hr\/wp-json\/wp\/v2\/media\/3732"}],"wp:attachment":[{"href":"https:\/\/odlicno.si\/hr\/wp-json\/wp\/v2\/media?parent=8534"}],"wp:term":[{"taxonomy":"product_brand","embeddable":true,"href":"https:\/\/odlicno.si\/hr\/wp-json\/wp\/v2\/product_brand?post=8534"},{"taxonomy":"product_cat","embeddable":true,"href":"https:\/\/odlicno.si\/hr\/wp-json\/wp\/v2\/product_cat?post=8534"},{"taxonomy":"product_tag","embeddable":true,"href":"https:\/\/odlicno.si\/hr\/wp-json\/wp\/v2\/product_tag?post=8534"}],"curies":[{"name":"wp","href":"https:\/\/api.w.org\/{rel}","templated":true}]}}