{"id":8533,"date":"2024-12-02T11:43:11","date_gmt":"2024-12-02T10:43:11","guid":{"rendered":"https:\/\/odlicno.mojwww.si\/?post_type=product&#038;p=8533"},"modified":"2025-01-04T23:55:00","modified_gmt":"2025-01-04T22:55:00","slug":"pistacije-suho-przene-i-neslane-odlicno","status":"publish","type":"product","link":"https:\/\/odlicno.si\/hr\/proizvodi\/mjesavine-i-grickalice\/grickalice\/pistacije-suho-przene-i-neslane-odlicno\/","title":{"rendered":"Pistacije, suho pr\u017eene i neslane Odli\u010dno 80 g"},"content":{"rendered":"<p class=\"text-align-justify\">Prakti\u010dno pakiranje od suhih pe\u010denih i neslanih pistacija bez ljuske. Olju\u0161teni pistacije spremni su za konzumaciju odmah, bez dodatne soli, \u010dime se \u010duva njihov prirodni okus. Idealne su kao zdrav me\u0111uobrok, dodatak jelima ili sastojak raznih recepata.<\/p>\n<blockquote><p><em>Prirodni okus u prakti\u010dnom pakiranju.<\/em><\/p><\/blockquote>\n","protected":false},"excerpt":{"rendered":"<p>Prakti\u010dno pakiranje od suhih pe\u010denih i neslanih pistacija bez ljuske. Olju\u0161teni pistacije spremni su za konzumaciju odmah, bez dodatne soli, \u010dime se \u010duva njihov prirodni okus. Idealne su kao zdrav me\u0111uobrok, dodatak jelima ili sastojak raznih recepata. Prirodni okus u prakti\u010dnom pakiranju.<\/p>\n","protected":false},"featured_media":11076,"template":"","meta":{"_acf_changed":false},"product_brand":[],"product_cat":[284,115,259,113,119,117,265,256,262,268],"product_tag":[],"class_list":{"0":"post-8533","1":"product","2":"type-product","3":"status-publish","4":"has-post-thumbnail","6":"product_cat-60-g-100-g-hr","7":"product_cat-grickalice","8":"product_cat-kuhanje","9":"product_cat-mjesavine-i-grickalice","10":"product_cat-orascici","11":"product_cat-orascici-sjemenke","12":"product_cat-pecenje","13":"product_cat-za-izlete-lutanja","14":"product_cat-za-uzgred","15":"product_cat-zabava-dogadanja","17":"first","18":"instock","19":"featured","20":"taxable","21":"shipping-taxable","22":"purchasable","23":"product-type-simple"},"acf":[],"mb":[],"jetpack_sharing_enabled":true,"mfb_rest_fields":["title","jetpack_sharing_enabled"],"_links":{"self":[{"href":"https:\/\/odlicno.si\/hr\/wp-json\/wp\/v2\/product\/8533","targetHints":{"allow":["GET"]}}],"collection":[{"href":"https:\/\/odlicno.si\/hr\/wp-json\/wp\/v2\/product"}],"about":[{"href":"https:\/\/odlicno.si\/hr\/wp-json\/wp\/v2\/types\/product"}],"wp:featuredmedia":[{"embeddable":true,"href":"https:\/\/odlicno.si\/hr\/wp-json\/wp\/v2\/media\/11076"}],"wp:attachment":[{"href":"https:\/\/odlicno.si\/hr\/wp-json\/wp\/v2\/media?parent=8533"}],"wp:term":[{"taxonomy":"product_brand","embeddable":true,"href":"https:\/\/odlicno.si\/hr\/wp-json\/wp\/v2\/product_brand?post=8533"},{"taxonomy":"product_cat","embeddable":true,"href":"https:\/\/odlicno.si\/hr\/wp-json\/wp\/v2\/product_cat?post=8533"},{"taxonomy":"product_tag","embeddable":true,"href":"https:\/\/odlicno.si\/hr\/wp-json\/wp\/v2\/product_tag?post=8533"}],"curies":[{"name":"wp","href":"https:\/\/api.w.org\/{rel}","templated":true}]}}