{"id":8532,"date":"2024-12-02T11:43:11","date_gmt":"2024-12-02T10:43:11","guid":{"rendered":"https:\/\/odlicno.mojwww.si\/?post_type=product&#038;p=8532"},"modified":"2025-08-28T06:53:02","modified_gmt":"2025-08-28T05:53:02","slug":"navijacka-mjesavina","status":"publish","type":"product","link":"https:\/\/odlicno.si\/hr\/proizvodi\/mjesavine-i-grickalice\/grickalice\/navijacka-mjesavina\/","title":{"rendered":"Navija\u010dka mje\u0161avina Odli\u010dno 150 g"},"content":{"rendered":"<p>Fan Mix izvrstan je izbor, kako za <strong>brzi me\u0111uobrok izme\u0111u obroka<\/strong>, <strong>u pokretu<\/strong>, dok gledate <strong>sportske utakmice<\/strong>, tako i za odu\u0161evljavanje i ma\u017eenje va\u0161ih gostiju.<\/p>\n<p>Na\u0161i ora\u0161asti plodovi nisu samo obi\u010dni zalogaji \u2013 njima stvaramo nezaboravne trenutke koji obi\u010dna dru\u017eenja pretvaraju u nezaboravne uspomene.<\/p>\n<blockquote><p>&nbsp;<\/p>\n<p>Navijajte s nama!<\/p>\n<p>&nbsp;<\/p><\/blockquote>\n","protected":false},"excerpt":{"rendered":"<p>Fan Mix izvrstan je izbor, kako za brzi me\u0111uobrok izme\u0111u obroka, u pokretu, dok gledate sportske utakmice, tako i za odu\u0161evljavanje i ma\u017eenje va\u0161ih gostiju. Na\u0161i ora\u0161asti plodovi nisu samo obi\u010dni zalogaji \u2013 njima stvaramo nezaboravne trenutke koji obi\u010dna dru\u017eenja pretvaraju u nezaboravne uspomene. &nbsp; Navijajte s nama! &nbsp;<\/p>\n","protected":false},"featured_media":6260,"template":"","meta":{"_acf_changed":false},"product_brand":[],"product_cat":[286,115,114,113,256,268],"product_tag":[],"class_list":{"0":"post-8532","1":"product","2":"type-product","3":"status-publish","4":"has-post-thumbnail","6":"product_cat-100-g-300-g-hr","7":"product_cat-grickalice","8":"product_cat-mjesavine","9":"product_cat-mjesavine-i-grickalice","10":"product_cat-za-izlete-lutanja","11":"product_cat-zabava-dogadanja","13":"first","14":"instock","15":"taxable","16":"shipping-taxable","17":"purchasable","18":"product-type-simple"},"acf":[],"mb":[],"jetpack_sharing_enabled":true,"mfb_rest_fields":["title","jetpack_sharing_enabled"],"_links":{"self":[{"href":"https:\/\/odlicno.si\/hr\/wp-json\/wp\/v2\/product\/8532","targetHints":{"allow":["GET"]}}],"collection":[{"href":"https:\/\/odlicno.si\/hr\/wp-json\/wp\/v2\/product"}],"about":[{"href":"https:\/\/odlicno.si\/hr\/wp-json\/wp\/v2\/types\/product"}],"wp:featuredmedia":[{"embeddable":true,"href":"https:\/\/odlicno.si\/hr\/wp-json\/wp\/v2\/media\/6260"}],"wp:attachment":[{"href":"https:\/\/odlicno.si\/hr\/wp-json\/wp\/v2\/media?parent=8532"}],"wp:term":[{"taxonomy":"product_brand","embeddable":true,"href":"https:\/\/odlicno.si\/hr\/wp-json\/wp\/v2\/product_brand?post=8532"},{"taxonomy":"product_cat","embeddable":true,"href":"https:\/\/odlicno.si\/hr\/wp-json\/wp\/v2\/product_cat?post=8532"},{"taxonomy":"product_tag","embeddable":true,"href":"https:\/\/odlicno.si\/hr\/wp-json\/wp\/v2\/product_tag?post=8532"}],"curies":[{"name":"wp","href":"https:\/\/api.w.org\/{rel}","templated":true}]}}