{"id":8531,"date":"2024-12-02T11:43:10","date_gmt":"2024-12-02T10:43:10","guid":{"rendered":"https:\/\/odlicno.mojwww.si\/?post_type=product&#038;p=8531"},"modified":"2025-01-04T23:55:25","modified_gmt":"2025-01-04T22:55:25","slug":"kikiriki-u-cokoladi-on-the-go-odlicno","status":"publish","type":"product","link":"https:\/\/odlicno.si\/hr\/proizvodi\/mjesavine-i-grickalice\/grickalice\/kikiriki-u-cokoladi-on-the-go-odlicno\/","title":{"rendered":"Kikiriki u \u010dokoladi On the go Odli\u010dno 35 g"},"content":{"rendered":"<p class=\"text-align-justify\">Kikiriki u \u010dokoladi savr\u0161en je slatki zalogaj koji spaja kvalitetnu mlije\u010dnu \u010dokoladu i hrskavi kikiriki. Prakti\u010dno pakiranje omogu\u0107uje vam da ih uvijek imate pri ruci, bilo da ste na brzom putu ili u uredu. Ukusan i hranjiv u\u017eitak za sve ljubitelje slatkih zalogaja.<\/p>\n<blockquote>\n<p class=\"text-align-justify\">U\u017eivajte u slatkom trenutku!<\/p>\n<\/blockquote>\n<p>&nbsp;<\/p>\n","protected":false},"excerpt":{"rendered":"<p>Kikiriki u \u010dokoladi savr\u0161en je slatki zalogaj koji spaja kvalitetnu mlije\u010dnu \u010dokoladu i hrskavi kikiriki. Prakti\u010dno pakiranje omogu\u0107uje vam da ih uvijek imate pri ruci, bilo da ste na brzom putu ili u uredu. Ukusan i hranjiv u\u017eitak za sve ljubitelje slatkih zalogaja. U\u017eivajte u slatkom trenutku! &nbsp;<\/p>\n","protected":false},"featured_media":6248,"template":"","meta":{"_acf_changed":false},"product_brand":[],"product_cat":[281,124,115,118,113,117,304,250,256,262,268],"product_tag":[],"class_list":{"0":"post-8531","1":"product","2":"type-product","3":"status-publish","4":"has-post-thumbnail","6":"product_cat-35-g-60-g-hr","7":"product_cat-cokoladirano","8":"product_cat-grickalice","9":"product_cat-kikiriki","10":"product_cat-mjesavine-i-grickalice","11":"product_cat-orascici-sjemenke","12":"product_cat-prodajni-hiti","13":"product_cat-za-cokoholicare","14":"product_cat-za-izlete-lutanja","15":"product_cat-za-uzgred","16":"product_cat-zabava-dogadanja","18":"first","19":"instock","20":"taxable","21":"shipping-taxable","22":"purchasable","23":"product-type-simple"},"acf":[],"mb":[],"jetpack_sharing_enabled":true,"mfb_rest_fields":["title","jetpack_sharing_enabled"],"_links":{"self":[{"href":"https:\/\/odlicno.si\/hr\/wp-json\/wp\/v2\/product\/8531","targetHints":{"allow":["GET"]}}],"collection":[{"href":"https:\/\/odlicno.si\/hr\/wp-json\/wp\/v2\/product"}],"about":[{"href":"https:\/\/odlicno.si\/hr\/wp-json\/wp\/v2\/types\/product"}],"wp:featuredmedia":[{"embeddable":true,"href":"https:\/\/odlicno.si\/hr\/wp-json\/wp\/v2\/media\/6248"}],"wp:attachment":[{"href":"https:\/\/odlicno.si\/hr\/wp-json\/wp\/v2\/media?parent=8531"}],"wp:term":[{"taxonomy":"product_brand","embeddable":true,"href":"https:\/\/odlicno.si\/hr\/wp-json\/wp\/v2\/product_brand?post=8531"},{"taxonomy":"product_cat","embeddable":true,"href":"https:\/\/odlicno.si\/hr\/wp-json\/wp\/v2\/product_cat?post=8531"},{"taxonomy":"product_tag","embeddable":true,"href":"https:\/\/odlicno.si\/hr\/wp-json\/wp\/v2\/product_tag?post=8531"}],"curies":[{"name":"wp","href":"https:\/\/api.w.org\/{rel}","templated":true}]}}