{"id":8530,"date":"2024-12-02T11:43:10","date_gmt":"2024-12-02T10:43:10","guid":{"rendered":"https:\/\/odlicno.mojwww.si\/?post_type=product&#038;p=8530"},"modified":"2025-01-04T23:55:34","modified_gmt":"2025-01-04T22:55:34","slug":"slana-mjesavina-on-the-go-odlicno","status":"publish","type":"product","link":"https:\/\/odlicno.si\/hr\/proizvodi\/mjesavine-i-grickalice\/grickalice\/slana-mjesavina-on-the-go-odlicno\/","title":{"rendered":"Slana mje\u0161avina On the go Odli\u010dno 40 g"},"content":{"rendered":"<p class=\"text-align-justify\">Slana mje\u0161avina sadr\u017ei bezglutenske slane kuglice, pr\u017eeni kikiriki s to\u010dno potrebnom koli\u010dinom soli i hrskavi kukuruz koji osigurava savr\u0161enu ravnote\u017eu okusa i tekstura. Bez obzira na va\u0161e prehrambene potrebe, ova mje\u0161avina odu\u0161evit \u0107e sve ljubitelje slane hrane svojim izvrsnim okusom i prakti\u010dno\u0161\u0107u u kojoj mo\u017eete u\u017eivati \u200b\u200bbilo gdje.<\/p>\n<blockquote><p>U\u017eivajte u hrskanju!<\/p><\/blockquote>\n","protected":false},"excerpt":{"rendered":"<p>Slana mje\u0161avina sadr\u017ei bezglutenske slane kuglice, pr\u017eeni kikiriki s to\u010dno potrebnom koli\u010dinom soli i hrskavi kukuruz koji osigurava savr\u0161enu ravnote\u017eu okusa i tekstura. Bez obzira na va\u0161e prehrambene potrebe, ova mje\u0161avina odu\u0161evit \u0107e sve ljubitelje slane hrane svojim izvrsnim okusom i prakti\u010dno\u0161\u0107u u kojoj mo\u017eete u\u017eivati \u200b\u200bbilo gdje. U\u017eivajte u hrskanju!<\/p>\n","protected":false},"featured_media":6244,"template":"","meta":{"_acf_changed":false},"product_brand":[],"product_cat":[281,115,114,113,304,256,262,268],"product_tag":[],"class_list":{"0":"post-8530","1":"product","2":"type-product","3":"status-publish","4":"has-post-thumbnail","6":"product_cat-35-g-60-g-hr","7":"product_cat-grickalice","8":"product_cat-mjesavine","9":"product_cat-mjesavine-i-grickalice","10":"product_cat-prodajni-hiti","11":"product_cat-za-izlete-lutanja","12":"product_cat-za-uzgred","13":"product_cat-zabava-dogadanja","15":"first","16":"instock","17":"taxable","18":"shipping-taxable","19":"purchasable","20":"product-type-simple"},"acf":[],"mb":[],"jetpack_sharing_enabled":true,"mfb_rest_fields":["title","jetpack_sharing_enabled"],"_links":{"self":[{"href":"https:\/\/odlicno.si\/hr\/wp-json\/wp\/v2\/product\/8530","targetHints":{"allow":["GET"]}}],"collection":[{"href":"https:\/\/odlicno.si\/hr\/wp-json\/wp\/v2\/product"}],"about":[{"href":"https:\/\/odlicno.si\/hr\/wp-json\/wp\/v2\/types\/product"}],"wp:featuredmedia":[{"embeddable":true,"href":"https:\/\/odlicno.si\/hr\/wp-json\/wp\/v2\/media\/6244"}],"wp:attachment":[{"href":"https:\/\/odlicno.si\/hr\/wp-json\/wp\/v2\/media?parent=8530"}],"wp:term":[{"taxonomy":"product_brand","embeddable":true,"href":"https:\/\/odlicno.si\/hr\/wp-json\/wp\/v2\/product_brand?post=8530"},{"taxonomy":"product_cat","embeddable":true,"href":"https:\/\/odlicno.si\/hr\/wp-json\/wp\/v2\/product_cat?post=8530"},{"taxonomy":"product_tag","embeddable":true,"href":"https:\/\/odlicno.si\/hr\/wp-json\/wp\/v2\/product_tag?post=8530"}],"curies":[{"name":"wp","href":"https:\/\/api.w.org\/{rel}","templated":true}]}}