{"id":8527,"date":"2024-12-02T11:33:44","date_gmt":"2024-12-02T10:33:44","guid":{"rendered":"https:\/\/odlicno.mojwww.si\/?post_type=product&#038;p=8527"},"modified":"2025-01-05T00:07:55","modified_gmt":"2025-01-04T23:07:55","slug":"maslac-od-indijskih-orascica-odlicno-4-1-gratis","status":"publish","type":"product","link":"https:\/\/odlicno.si\/hr\/proizvodi\/300-g-500-g-hr\/maslac-od-indijskih-orascica-odlicno-4-1-gratis\/","title":{"rendered":"Maslac od INDIJSKIH ORA\u0160\u010cI\u0106A Odli\u010dno, 4 + 1 GRATIS 5 x 300 g"},"content":{"rendered":"<p>100 % prirodno.<\/p>\n<p>Jedan sastojak, mogu\u0107nost breskrajne u\u017eivancije.<\/p>\n","protected":false},"excerpt":{"rendered":"<p>100 % prirodno. Jedan sastojak, mogu\u0107nost breskrajne u\u017eivancije.<\/p>\n","protected":false},"featured_media":12386,"template":"","meta":{"_acf_changed":false},"product_brand":[],"product_cat":[289,116,271],"product_tag":[],"class_list":{"0":"post-8527","1":"product","2":"type-product","3":"status-publish","4":"has-post-thumbnail","6":"product_cat-300-g-500-g-hr","7":"product_cat-namazi","8":"product_cat-za-opskrbu-jer-se-isplati","10":"first","11":"instock","12":"taxable","13":"shipping-taxable","14":"purchasable","15":"product-type-simple"},"acf":[],"mb":[],"jetpack_sharing_enabled":true,"mfb_rest_fields":["title","jetpack_sharing_enabled"],"_links":{"self":[{"href":"https:\/\/odlicno.si\/hr\/wp-json\/wp\/v2\/product\/8527","targetHints":{"allow":["GET"]}}],"collection":[{"href":"https:\/\/odlicno.si\/hr\/wp-json\/wp\/v2\/product"}],"about":[{"href":"https:\/\/odlicno.si\/hr\/wp-json\/wp\/v2\/types\/product"}],"wp:featuredmedia":[{"embeddable":true,"href":"https:\/\/odlicno.si\/hr\/wp-json\/wp\/v2\/media\/12386"}],"wp:attachment":[{"href":"https:\/\/odlicno.si\/hr\/wp-json\/wp\/v2\/media?parent=8527"}],"wp:term":[{"taxonomy":"product_brand","embeddable":true,"href":"https:\/\/odlicno.si\/hr\/wp-json\/wp\/v2\/product_brand?post=8527"},{"taxonomy":"product_cat","embeddable":true,"href":"https:\/\/odlicno.si\/hr\/wp-json\/wp\/v2\/product_cat?post=8527"},{"taxonomy":"product_tag","embeddable":true,"href":"https:\/\/odlicno.si\/hr\/wp-json\/wp\/v2\/product_tag?post=8527"}],"curies":[{"name":"wp","href":"https:\/\/api.w.org\/{rel}","templated":true}]}}