{"id":8526,"date":"2024-12-02T11:33:44","date_gmt":"2024-12-02T10:33:44","guid":{"rendered":"https:\/\/odlicno.mojwww.si\/?post_type=product&#038;p=8526"},"modified":"2025-01-05T00:08:03","modified_gmt":"2025-01-04T23:08:03","slug":"maslac-od-kikirikija-odlicno-4-1-gratis","status":"publish","type":"product","link":"https:\/\/odlicno.si\/hr\/proizvodi\/300-g-500-g-hr\/maslac-od-kikirikija-odlicno-4-1-gratis\/","title":{"rendered":"Maslac od kikirikija Odli\u010dno, 4 + 1 GRATIS 5 x 300 g"},"content":{"rendered":"<p class=\"text-align-justify\">Odli\u010dan maslac od kikirikija je <strong>kremast<\/strong>, 100 % prirodan i napravljen od najboljeg suho pr\u017eenog kikirikija. Jedan sastojak za neograni\u010deni u\u017eitak.<\/p>\n","protected":false},"excerpt":{"rendered":"<p>Odli\u010dan maslac od kikirikija je kremast, 100 % prirodan i napravljen od najboljeg suho pr\u017eenog kikirikija. Jedan sastojak za neograni\u010deni u\u017eitak.<\/p>\n","protected":false},"featured_media":12412,"template":"","meta":{"_acf_changed":false},"product_brand":[],"product_cat":[289,116,271],"product_tag":[],"class_list":{"0":"post-8526","1":"product","2":"type-product","3":"status-publish","4":"has-post-thumbnail","6":"product_cat-300-g-500-g-hr","7":"product_cat-namazi","8":"product_cat-za-opskrbu-jer-se-isplati","10":"first","11":"instock","12":"taxable","13":"shipping-taxable","14":"purchasable","15":"product-type-simple"},"acf":[],"mb":[],"jetpack_sharing_enabled":true,"mfb_rest_fields":["title","jetpack_sharing_enabled"],"_links":{"self":[{"href":"https:\/\/odlicno.si\/hr\/wp-json\/wp\/v2\/product\/8526","targetHints":{"allow":["GET"]}}],"collection":[{"href":"https:\/\/odlicno.si\/hr\/wp-json\/wp\/v2\/product"}],"about":[{"href":"https:\/\/odlicno.si\/hr\/wp-json\/wp\/v2\/types\/product"}],"wp:featuredmedia":[{"embeddable":true,"href":"https:\/\/odlicno.si\/hr\/wp-json\/wp\/v2\/media\/12412"}],"wp:attachment":[{"href":"https:\/\/odlicno.si\/hr\/wp-json\/wp\/v2\/media?parent=8526"}],"wp:term":[{"taxonomy":"product_brand","embeddable":true,"href":"https:\/\/odlicno.si\/hr\/wp-json\/wp\/v2\/product_brand?post=8526"},{"taxonomy":"product_cat","embeddable":true,"href":"https:\/\/odlicno.si\/hr\/wp-json\/wp\/v2\/product_cat?post=8526"},{"taxonomy":"product_tag","embeddable":true,"href":"https:\/\/odlicno.si\/hr\/wp-json\/wp\/v2\/product_tag?post=8526"}],"curies":[{"name":"wp","href":"https:\/\/api.w.org\/{rel}","templated":true}]}}