{"id":8521,"date":"2024-12-02T11:33:20","date_gmt":"2024-12-02T10:33:20","guid":{"rendered":"https:\/\/odlicno.mojwww.si\/?post_type=product&#038;p=8521"},"modified":"2025-01-05T00:08:38","modified_gmt":"2025-01-04T23:08:38","slug":"indijski-orascici-sa-cilijem-odlicno-200-g","status":"publish","type":"product","link":"https:\/\/odlicno.si\/hr\/proizvodi\/mjesavine-i-grickalice\/grickalice\/indijski-orascici-sa-cilijem-odlicno-200-g\/","title":{"rendered":"Indijski ora\u0161\u010di\u0107i sa \u010dilijem Odli\u010dno, 200 g"},"content":{"rendered":"<p>Indijski ora\u0161\u010di\u0107i pr\u017eeni su u na\u0161oj vlastitoj pr\u017eionici u odr\u017eivo proizvedenom palminom ulju sa certifikatom RSPO. Dodali smo im komadi\u0107e pravog \u010dilija i za\u010dina kako bi nastala odli\u010dna pikantna grickalica, a mo\u017eemo ih koristiti i i prilikom pripreme azijskih jela. Pakirani su u kontroliranoj atmosferi kako bi sa\u010duvali hrskavost i autenti\u010dni okus.<\/p>\n","protected":false},"excerpt":{"rendered":"<p>Indijski ora\u0161\u010di\u0107i pr\u017eeni su u na\u0161oj vlastitoj pr\u017eionici u odr\u017eivo proizvedenom palminom ulju sa certifikatom RSPO. Dodali smo im komadi\u0107e pravog \u010dilija i za\u010dina kako bi nastala odli\u010dna pikantna grickalica, a mo\u017eemo ih koristiti i i prilikom pripreme azijskih jela. Pakirani su u kontroliranoj atmosferi kako bi sa\u010duvali hrskavost i autenti\u010dni okus.<\/p>\n","protected":false},"featured_media":3124,"template":"","meta":{"_acf_changed":false},"product_brand":[],"product_cat":[286,115,259,113,268],"product_tag":[],"class_list":{"0":"post-8521","1":"product","2":"type-product","3":"status-publish","4":"has-post-thumbnail","6":"product_cat-100-g-300-g-hr","7":"product_cat-grickalice","8":"product_cat-kuhanje","9":"product_cat-mjesavine-i-grickalice","10":"product_cat-zabava-dogadanja","12":"first","13":"instock","14":"taxable","15":"shipping-taxable","16":"purchasable","17":"product-type-simple"},"acf":[],"mb":[],"jetpack_sharing_enabled":true,"mfb_rest_fields":["title","jetpack_sharing_enabled"],"_links":{"self":[{"href":"https:\/\/odlicno.si\/hr\/wp-json\/wp\/v2\/product\/8521","targetHints":{"allow":["GET"]}}],"collection":[{"href":"https:\/\/odlicno.si\/hr\/wp-json\/wp\/v2\/product"}],"about":[{"href":"https:\/\/odlicno.si\/hr\/wp-json\/wp\/v2\/types\/product"}],"wp:featuredmedia":[{"embeddable":true,"href":"https:\/\/odlicno.si\/hr\/wp-json\/wp\/v2\/media\/3124"}],"wp:attachment":[{"href":"https:\/\/odlicno.si\/hr\/wp-json\/wp\/v2\/media?parent=8521"}],"wp:term":[{"taxonomy":"product_brand","embeddable":true,"href":"https:\/\/odlicno.si\/hr\/wp-json\/wp\/v2\/product_brand?post=8521"},{"taxonomy":"product_cat","embeddable":true,"href":"https:\/\/odlicno.si\/hr\/wp-json\/wp\/v2\/product_cat?post=8521"},{"taxonomy":"product_tag","embeddable":true,"href":"https:\/\/odlicno.si\/hr\/wp-json\/wp\/v2\/product_tag?post=8521"}],"curies":[{"name":"wp","href":"https:\/\/api.w.org\/{rel}","templated":true}]}}