{"id":8520,"date":"2024-12-02T11:33:19","date_gmt":"2024-12-02T10:33:19","guid":{"rendered":"https:\/\/odlicno.mojwww.si\/?post_type=product&#038;p=8520"},"modified":"2025-01-05T00:10:10","modified_gmt":"2025-01-04T23:10:10","slug":"cokoladirane-brusnice-odlicno","status":"publish","type":"product","link":"https:\/\/odlicno.si\/hr\/proizvodi\/100-g-300-g-hr\/cokoladirane-brusnice-odlicno\/","title":{"rendered":"\u010cokoladirane brusnice Odli\u010dno 200 g"},"content":{"rendered":"<p>Mekane, so\u010dne brusnice u tamnoj i mlije\u010dnoj \u010dokoladi odli\u010dan su dodatak za sve ljubitelje slatkih okusa.<\/p>\n","protected":false},"excerpt":{"rendered":"<p>Mekane, so\u010dne brusnice u tamnoj i mlije\u010dnoj \u010dokoladi odli\u010dan su dodatak za sve ljubitelje slatkih okusa.<\/p>\n","protected":false},"featured_media":15870,"template":"","meta":{"_acf_changed":false},"product_brand":[],"product_cat":[286,124,259,250,268],"product_tag":[],"class_list":{"0":"post-8520","1":"product","2":"type-product","3":"status-publish","4":"has-post-thumbnail","6":"product_cat-100-g-300-g-hr","7":"product_cat-cokoladirano","8":"product_cat-kuhanje","9":"product_cat-za-cokoholicare","10":"product_cat-zabava-dogadanja","12":"first","13":"instock","14":"taxable","15":"shipping-taxable","16":"purchasable","17":"product-type-simple"},"acf":[],"mb":[],"jetpack_sharing_enabled":true,"mfb_rest_fields":["title","jetpack_sharing_enabled"],"_links":{"self":[{"href":"https:\/\/odlicno.si\/hr\/wp-json\/wp\/v2\/product\/8520","targetHints":{"allow":["GET"]}}],"collection":[{"href":"https:\/\/odlicno.si\/hr\/wp-json\/wp\/v2\/product"}],"about":[{"href":"https:\/\/odlicno.si\/hr\/wp-json\/wp\/v2\/types\/product"}],"wp:featuredmedia":[{"embeddable":true,"href":"https:\/\/odlicno.si\/hr\/wp-json\/wp\/v2\/media\/15870"}],"wp:attachment":[{"href":"https:\/\/odlicno.si\/hr\/wp-json\/wp\/v2\/media?parent=8520"}],"wp:term":[{"taxonomy":"product_brand","embeddable":true,"href":"https:\/\/odlicno.si\/hr\/wp-json\/wp\/v2\/product_brand?post=8520"},{"taxonomy":"product_cat","embeddable":true,"href":"https:\/\/odlicno.si\/hr\/wp-json\/wp\/v2\/product_cat?post=8520"},{"taxonomy":"product_tag","embeddable":true,"href":"https:\/\/odlicno.si\/hr\/wp-json\/wp\/v2\/product_tag?post=8520"}],"curies":[{"name":"wp","href":"https:\/\/api.w.org\/{rel}","templated":true}]}}