{"id":8517,"date":"2024-12-02T11:33:19","date_gmt":"2024-12-02T10:33:19","guid":{"rendered":"https:\/\/odlicno.mojwww.si\/?post_type=product&#038;p=8517"},"modified":"2025-01-05T00:08:58","modified_gmt":"2025-01-04T23:08:58","slug":"cokoladirana-mjesavina-orascica-i-suhog-voca-odlicno","status":"publish","type":"product","link":"https:\/\/odlicno.si\/hr\/proizvodi\/100-g-300-g-hr\/cokoladirana-mjesavina-orascica-i-suhog-voca-odlicno\/","title":{"rendered":"\u010cokoladirana mje\u0161avina ora\u0161\u010di\u0107a i suhog vo\u0107a Odli\u010dno 200 g"},"content":{"rendered":"<p>Kikiriki, gro\u017e\u0111ice, lje\u0161njaci i bademi u mlije\u010dnoj i tamnoj \u010dokoladi. Najbolji izbor slatke grickalice.<\/p>\n","protected":false},"excerpt":{"rendered":"<p>Kikiriki, gro\u017e\u0111ice, lje\u0161njaci i bademi u mlije\u010dnoj i tamnoj \u010dokoladi. Najbolji izbor slatke grickalice.<\/p>\n","protected":false},"featured_media":15882,"template":"","meta":{"_acf_changed":false},"product_brand":[],"product_cat":[286,124,250,268],"product_tag":[],"class_list":{"0":"post-8517","1":"product","2":"type-product","3":"status-publish","4":"has-post-thumbnail","6":"product_cat-100-g-300-g-hr","7":"product_cat-cokoladirano","8":"product_cat-za-cokoholicare","9":"product_cat-zabava-dogadanja","11":"first","12":"instock","13":"taxable","14":"shipping-taxable","15":"purchasable","16":"product-type-simple"},"acf":[],"mb":[],"jetpack_sharing_enabled":true,"mfb_rest_fields":["title","jetpack_sharing_enabled"],"_links":{"self":[{"href":"https:\/\/odlicno.si\/hr\/wp-json\/wp\/v2\/product\/8517","targetHints":{"allow":["GET"]}}],"collection":[{"href":"https:\/\/odlicno.si\/hr\/wp-json\/wp\/v2\/product"}],"about":[{"href":"https:\/\/odlicno.si\/hr\/wp-json\/wp\/v2\/types\/product"}],"wp:featuredmedia":[{"embeddable":true,"href":"https:\/\/odlicno.si\/hr\/wp-json\/wp\/v2\/media\/15882"}],"wp:attachment":[{"href":"https:\/\/odlicno.si\/hr\/wp-json\/wp\/v2\/media?parent=8517"}],"wp:term":[{"taxonomy":"product_brand","embeddable":true,"href":"https:\/\/odlicno.si\/hr\/wp-json\/wp\/v2\/product_brand?post=8517"},{"taxonomy":"product_cat","embeddable":true,"href":"https:\/\/odlicno.si\/hr\/wp-json\/wp\/v2\/product_cat?post=8517"},{"taxonomy":"product_tag","embeddable":true,"href":"https:\/\/odlicno.si\/hr\/wp-json\/wp\/v2\/product_tag?post=8517"}],"curies":[{"name":"wp","href":"https:\/\/api.w.org\/{rel}","templated":true}]}}