{"id":8515,"date":"2024-12-02T11:42:47","date_gmt":"2024-12-02T10:42:47","guid":{"rendered":"https:\/\/odlicno.mojwww.si\/?post_type=product&#038;p=8515"},"modified":"2024-12-03T17:01:03","modified_gmt":"2024-12-03T16:01:03","slug":"ekstra-mix-odlicno-250-g","status":"publish","type":"product","link":"https:\/\/odlicno.si\/hr\/proizvodi\/mjesavine-i-grickalice\/grickalice\/ekstra-mix-odlicno-250-g\/","title":{"rendered":"Ekstra mix Odli\u010dno, 250 g"},"content":{"rendered":"<p class=\"text-align-justify\">Ova super mje\u0161avina kombinira kikiriki, brusnice, lje\u0161njake, indijske ora\u0161\u010di\u0107e, bademe i gro\u017e\u0111ice kako bi vam pomogla u rje\u0161avanju svakodnevnih izazova. Bilo da vam treba energija tijekom radnog dana, brzi me\u0111uobrok u pokretu ili ukusan me\u0111uobrok tijekom vje\u017ebanja, Ekstra mix je pravi izbor.<\/p>\n<blockquote>\n<p class=\"text-align-justify\">Visok sadr\u017eaj dijetalnih vlakana!<\/p>\n<\/blockquote>\n","protected":false},"excerpt":{"rendered":"<p>Ova super mje\u0161avina kombinira kikiriki, brusnice, lje\u0161njake, indijske ora\u0161\u010di\u0107e, bademe i gro\u017e\u0111ice kako bi vam pomogla u rje\u0161avanju svakodnevnih izazova. Bilo da vam treba energija tijekom radnog dana, brzi me\u0111uobrok u pokretu ili ukusan me\u0111uobrok tijekom vje\u017ebanja, Ekstra mix je pravi izbor. Visok sadr\u017eaj dijetalnih vlakana!<\/p>\n","protected":false},"featured_media":6164,"template":"","meta":{"_acf_changed":false},"product_brand":[],"product_cat":[286,115,114,113,256,268],"product_tag":[],"class_list":{"0":"post-8515","1":"product","2":"type-product","3":"status-publish","4":"has-post-thumbnail","6":"product_cat-100-g-300-g-hr","7":"product_cat-grickalice","8":"product_cat-mjesavine","9":"product_cat-mjesavine-i-grickalice","10":"product_cat-za-izlete-lutanja","11":"product_cat-zabava-dogadanja","13":"first","14":"instock","15":"featured","16":"taxable","17":"shipping-taxable","18":"purchasable","19":"product-type-simple"},"acf":[],"mb":[],"jetpack_sharing_enabled":true,"mfb_rest_fields":["title","jetpack_sharing_enabled"],"_links":{"self":[{"href":"https:\/\/odlicno.si\/hr\/wp-json\/wp\/v2\/product\/8515","targetHints":{"allow":["GET"]}}],"collection":[{"href":"https:\/\/odlicno.si\/hr\/wp-json\/wp\/v2\/product"}],"about":[{"href":"https:\/\/odlicno.si\/hr\/wp-json\/wp\/v2\/types\/product"}],"wp:featuredmedia":[{"embeddable":true,"href":"https:\/\/odlicno.si\/hr\/wp-json\/wp\/v2\/media\/6164"}],"wp:attachment":[{"href":"https:\/\/odlicno.si\/hr\/wp-json\/wp\/v2\/media?parent=8515"}],"wp:term":[{"taxonomy":"product_brand","embeddable":true,"href":"https:\/\/odlicno.si\/hr\/wp-json\/wp\/v2\/product_brand?post=8515"},{"taxonomy":"product_cat","embeddable":true,"href":"https:\/\/odlicno.si\/hr\/wp-json\/wp\/v2\/product_cat?post=8515"},{"taxonomy":"product_tag","embeddable":true,"href":"https:\/\/odlicno.si\/hr\/wp-json\/wp\/v2\/product_tag?post=8515"}],"curies":[{"name":"wp","href":"https:\/\/api.w.org\/{rel}","templated":true}]}}