{"id":8514,"date":"2024-12-02T11:42:47","date_gmt":"2024-12-02T10:42:47","guid":{"rendered":"https:\/\/odlicno.mojwww.si\/?post_type=product&#038;p=8514"},"modified":"2024-12-03T17:01:02","modified_gmt":"2024-12-03T16:01:02","slug":"suhi-ananas-odlicno-250-g","status":"publish","type":"product","link":"https:\/\/odlicno.si\/hr\/proizvodi\/100-g-300-g-hr\/suhi-ananas-odlicno-250-g\/","title":{"rendered":"Suhi ananas Odli\u010dno, 250 g"},"content":{"rendered":"<p>Kandirane kri\u0161ke ananasa predstavljaju odli\u010dan izbor kada \u017eelimo <strong>uta\u017eiti \u017eelju za slatkim<\/strong>, a istovremeno \u0107e vas u mislima odvesti na <strong>toplo tropsko sunce.<\/strong><\/p>\n","protected":false},"excerpt":{"rendered":"<p>Kandirane kri\u0161ke ananasa predstavljaju odli\u010dan izbor kada \u017eelimo uta\u017eiti \u017eelju za slatkim, a istovremeno \u0107e vas u mislima odvesti na toplo tropsko sunce.<\/p>\n","protected":false},"featured_media":6160,"template":"","meta":{"_acf_changed":false},"product_brand":[],"product_cat":[286,259,265,123,256,268],"product_tag":[],"class_list":{"0":"post-8514","1":"product","2":"type-product","3":"status-publish","4":"has-post-thumbnail","6":"product_cat-100-g-300-g-hr","7":"product_cat-kuhanje","8":"product_cat-pecenje","9":"product_cat-suho-voce","10":"product_cat-za-izlete-lutanja","11":"product_cat-zabava-dogadanja","13":"first","14":"instock","15":"taxable","16":"shipping-taxable","17":"purchasable","18":"product-type-simple"},"acf":[],"mb":[],"jetpack_sharing_enabled":true,"mfb_rest_fields":["title","jetpack_sharing_enabled"],"_links":{"self":[{"href":"https:\/\/odlicno.si\/hr\/wp-json\/wp\/v2\/product\/8514","targetHints":{"allow":["GET"]}}],"collection":[{"href":"https:\/\/odlicno.si\/hr\/wp-json\/wp\/v2\/product"}],"about":[{"href":"https:\/\/odlicno.si\/hr\/wp-json\/wp\/v2\/types\/product"}],"wp:featuredmedia":[{"embeddable":true,"href":"https:\/\/odlicno.si\/hr\/wp-json\/wp\/v2\/media\/6160"}],"wp:attachment":[{"href":"https:\/\/odlicno.si\/hr\/wp-json\/wp\/v2\/media?parent=8514"}],"wp:term":[{"taxonomy":"product_brand","embeddable":true,"href":"https:\/\/odlicno.si\/hr\/wp-json\/wp\/v2\/product_brand?post=8514"},{"taxonomy":"product_cat","embeddable":true,"href":"https:\/\/odlicno.si\/hr\/wp-json\/wp\/v2\/product_cat?post=8514"},{"taxonomy":"product_tag","embeddable":true,"href":"https:\/\/odlicno.si\/hr\/wp-json\/wp\/v2\/product_tag?post=8514"}],"curies":[{"name":"wp","href":"https:\/\/api.w.org\/{rel}","templated":true}]}}