{"id":8513,"date":"2024-12-02T11:48:34","date_gmt":"2024-12-02T10:48:34","guid":{"rendered":"https:\/\/odlicno.mojwww.si\/?post_type=product&#038;p=8513"},"modified":"2024-12-03T17:01:02","modified_gmt":"2024-12-03T16:01:02","slug":"dumbir-kandirani-odlicno-200-g","status":"publish","type":"product","link":"https:\/\/odlicno.si\/hr\/proizvodi\/100-g-300-g-hr\/dumbir-kandirani-odlicno-200-g\/","title":{"rendered":"\u0110umbir kandirani Odli\u010dno, 200 g"},"content":{"rendered":"<p>Kandirani \u0111umbir obavezan je u svakoj <strong>ku\u0107noj ljekarni<\/strong>, a mo\u017eemo ga koristiti i u pripremi azijskih jela, kao i prilikom pripreme smoothieja.<\/p>\n","protected":false},"excerpt":{"rendered":"<p>Kandirani \u0111umbir obavezan je u svakoj ku\u0107noj ljekarni, a mo\u017eemo ga koristiti i u pripremi azijskih jela, kao i prilikom pripreme smoothieja.<\/p>\n","protected":false},"featured_media":6277,"template":"","meta":{"_acf_changed":false},"product_brand":[],"product_cat":[286,259,265,123,256,268],"product_tag":[],"class_list":{"0":"post-8513","1":"product","2":"type-product","3":"status-publish","4":"has-post-thumbnail","6":"product_cat-100-g-300-g-hr","7":"product_cat-kuhanje","8":"product_cat-pecenje","9":"product_cat-suho-voce","10":"product_cat-za-izlete-lutanja","11":"product_cat-zabava-dogadanja","13":"first","14":"instock","15":"taxable","16":"shipping-taxable","17":"purchasable","18":"product-type-simple"},"acf":[],"mb":[],"jetpack_sharing_enabled":true,"mfb_rest_fields":["title","jetpack_sharing_enabled"],"_links":{"self":[{"href":"https:\/\/odlicno.si\/hr\/wp-json\/wp\/v2\/product\/8513","targetHints":{"allow":["GET"]}}],"collection":[{"href":"https:\/\/odlicno.si\/hr\/wp-json\/wp\/v2\/product"}],"about":[{"href":"https:\/\/odlicno.si\/hr\/wp-json\/wp\/v2\/types\/product"}],"wp:featuredmedia":[{"embeddable":true,"href":"https:\/\/odlicno.si\/hr\/wp-json\/wp\/v2\/media\/6277"}],"wp:attachment":[{"href":"https:\/\/odlicno.si\/hr\/wp-json\/wp\/v2\/media?parent=8513"}],"wp:term":[{"taxonomy":"product_brand","embeddable":true,"href":"https:\/\/odlicno.si\/hr\/wp-json\/wp\/v2\/product_brand?post=8513"},{"taxonomy":"product_cat","embeddable":true,"href":"https:\/\/odlicno.si\/hr\/wp-json\/wp\/v2\/product_cat?post=8513"},{"taxonomy":"product_tag","embeddable":true,"href":"https:\/\/odlicno.si\/hr\/wp-json\/wp\/v2\/product_tag?post=8513"}],"curies":[{"name":"wp","href":"https:\/\/api.w.org\/{rel}","templated":true}]}}