{"id":8512,"date":"2024-12-02T11:33:18","date_gmt":"2024-12-02T10:33:18","guid":{"rendered":"https:\/\/odlicno.mojwww.si\/?post_type=product&#038;p=8512"},"modified":"2024-12-03T17:01:01","modified_gmt":"2024-12-03T16:01:01","slug":"mega-mix-odlicno-250-g","status":"publish","type":"product","link":"https:\/\/odlicno.si\/hr\/proizvodi\/mjesavine-i-grickalice\/mjesavine\/mega-mix-odlicno-250-g\/","title":{"rendered":"Mega mix Odli\u010dno, 250 g"},"content":{"rendered":"<p>Odli\u010dna mje\u0161avina ve\u0107ih kockica su\u0161enog ananasa i papaje.&nbsp;<\/p>\n","protected":false},"excerpt":{"rendered":"<p>Odli\u010dna mje\u0161avina ve\u0107ih kockica su\u0161enog ananasa i papaje.&nbsp;<\/p>\n","protected":false},"featured_media":4060,"template":"","meta":{"_acf_changed":false},"product_brand":[],"product_cat":[286,259,114,113,265,123,256,268],"product_tag":[],"class_list":{"0":"post-8512","1":"product","2":"type-product","3":"status-publish","4":"has-post-thumbnail","6":"product_cat-100-g-300-g-hr","7":"product_cat-kuhanje","8":"product_cat-mjesavine","9":"product_cat-mjesavine-i-grickalice","10":"product_cat-pecenje","11":"product_cat-suho-voce","12":"product_cat-za-izlete-lutanja","13":"product_cat-zabava-dogadanja","15":"first","16":"instock","17":"taxable","18":"shipping-taxable","19":"purchasable","20":"product-type-simple"},"acf":[],"mb":[],"jetpack_sharing_enabled":true,"mfb_rest_fields":["title","jetpack_sharing_enabled"],"_links":{"self":[{"href":"https:\/\/odlicno.si\/hr\/wp-json\/wp\/v2\/product\/8512","targetHints":{"allow":["GET"]}}],"collection":[{"href":"https:\/\/odlicno.si\/hr\/wp-json\/wp\/v2\/product"}],"about":[{"href":"https:\/\/odlicno.si\/hr\/wp-json\/wp\/v2\/types\/product"}],"wp:featuredmedia":[{"embeddable":true,"href":"https:\/\/odlicno.si\/hr\/wp-json\/wp\/v2\/media\/4060"}],"wp:attachment":[{"href":"https:\/\/odlicno.si\/hr\/wp-json\/wp\/v2\/media?parent=8512"}],"wp:term":[{"taxonomy":"product_brand","embeddable":true,"href":"https:\/\/odlicno.si\/hr\/wp-json\/wp\/v2\/product_brand?post=8512"},{"taxonomy":"product_cat","embeddable":true,"href":"https:\/\/odlicno.si\/hr\/wp-json\/wp\/v2\/product_cat?post=8512"},{"taxonomy":"product_tag","embeddable":true,"href":"https:\/\/odlicno.si\/hr\/wp-json\/wp\/v2\/product_tag?post=8512"}],"curies":[{"name":"wp","href":"https:\/\/api.w.org\/{rel}","templated":true}]}}