{"id":8511,"date":"2024-12-02T11:32:57","date_gmt":"2024-12-02T10:32:57","guid":{"rendered":"https:\/\/odlicno.mojwww.si\/?post_type=product&#038;p=8511"},"modified":"2024-12-03T17:01:01","modified_gmt":"2024-12-03T16:01:01","slug":"suho-tropsko-voce-odlicno-250-g","status":"publish","type":"product","link":"https:\/\/odlicno.si\/hr\/proizvodi\/100-g-300-g-hr\/suho-tropsko-voce-odlicno-250-g\/","title":{"rendered":"Suho tropsko vo\u0107e Odli\u010dno, 250 g"},"content":{"rendered":"<p>Slatke sitne kocke ananasa i papaje za ljubitelje egzoti\u010dnih okusa.<\/p>\n","protected":false},"excerpt":{"rendered":"<p>Slatke sitne kocke ananasa i papaje za ljubitelje egzoti\u010dnih okusa.<\/p>\n","protected":false},"featured_media":5104,"template":"","meta":{"_acf_changed":false},"product_brand":[],"product_cat":[286,259,265,123,256],"product_tag":[],"class_list":{"0":"post-8511","1":"product","2":"type-product","3":"status-publish","4":"has-post-thumbnail","6":"product_cat-100-g-300-g-hr","7":"product_cat-kuhanje","8":"product_cat-pecenje","9":"product_cat-suho-voce","10":"product_cat-za-izlete-lutanja","12":"first","13":"instock","14":"taxable","15":"shipping-taxable","16":"purchasable","17":"product-type-simple"},"acf":[],"mb":[],"jetpack_sharing_enabled":true,"mfb_rest_fields":["title","jetpack_sharing_enabled"],"_links":{"self":[{"href":"https:\/\/odlicno.si\/hr\/wp-json\/wp\/v2\/product\/8511","targetHints":{"allow":["GET"]}}],"collection":[{"href":"https:\/\/odlicno.si\/hr\/wp-json\/wp\/v2\/product"}],"about":[{"href":"https:\/\/odlicno.si\/hr\/wp-json\/wp\/v2\/types\/product"}],"wp:featuredmedia":[{"embeddable":true,"href":"https:\/\/odlicno.si\/hr\/wp-json\/wp\/v2\/media\/5104"}],"wp:attachment":[{"href":"https:\/\/odlicno.si\/hr\/wp-json\/wp\/v2\/media?parent=8511"}],"wp:term":[{"taxonomy":"product_brand","embeddable":true,"href":"https:\/\/odlicno.si\/hr\/wp-json\/wp\/v2\/product_brand?post=8511"},{"taxonomy":"product_cat","embeddable":true,"href":"https:\/\/odlicno.si\/hr\/wp-json\/wp\/v2\/product_cat?post=8511"},{"taxonomy":"product_tag","embeddable":true,"href":"https:\/\/odlicno.si\/hr\/wp-json\/wp\/v2\/product_tag?post=8511"}],"curies":[{"name":"wp","href":"https:\/\/api.w.org\/{rel}","templated":true}]}}