{"id":8510,"date":"2024-12-02T11:32:57","date_gmt":"2024-12-02T10:32:57","guid":{"rendered":"https:\/\/odlicno.mojwww.si\/?post_type=product&#038;p=8510"},"modified":"2024-12-03T17:01:00","modified_gmt":"2024-12-03T16:01:00","slug":"banana-cips-odlicno-200-g","status":"publish","type":"product","link":"https:\/\/odlicno.si\/hr\/proizvodi\/100-g-300-g-hr\/banana-cips-odlicno-200-g\/","title":{"rendered":"Banana \u010dips Odli\u010dno, 200 g"},"content":{"rendered":"<p>Su\u0161ene kri\u0161ke banane odli\u010dna su <strong>hrskava <\/strong>grickalica koju obo\u017eavaju i najmla\u0111i.<\/p>\n","protected":false},"excerpt":{"rendered":"<p>Su\u0161ene kri\u0161ke banane odli\u010dna su hrskava grickalica koju obo\u017eavaju i najmla\u0111i.<\/p>\n","protected":false},"featured_media":3364,"template":"","meta":{"_acf_changed":false},"product_brand":[],"product_cat":[286,259,265,123,256,268],"product_tag":[],"class_list":{"0":"post-8510","1":"product","2":"type-product","3":"status-publish","4":"has-post-thumbnail","6":"product_cat-100-g-300-g-hr","7":"product_cat-kuhanje","8":"product_cat-pecenje","9":"product_cat-suho-voce","10":"product_cat-za-izlete-lutanja","11":"product_cat-zabava-dogadanja","13":"first","14":"instock","15":"taxable","16":"shipping-taxable","17":"purchasable","18":"product-type-simple"},"acf":[],"mb":[],"jetpack_sharing_enabled":true,"mfb_rest_fields":["title","jetpack_sharing_enabled"],"_links":{"self":[{"href":"https:\/\/odlicno.si\/hr\/wp-json\/wp\/v2\/product\/8510","targetHints":{"allow":["GET"]}}],"collection":[{"href":"https:\/\/odlicno.si\/hr\/wp-json\/wp\/v2\/product"}],"about":[{"href":"https:\/\/odlicno.si\/hr\/wp-json\/wp\/v2\/types\/product"}],"wp:featuredmedia":[{"embeddable":true,"href":"https:\/\/odlicno.si\/hr\/wp-json\/wp\/v2\/media\/3364"}],"wp:attachment":[{"href":"https:\/\/odlicno.si\/hr\/wp-json\/wp\/v2\/media?parent=8510"}],"wp:term":[{"taxonomy":"product_brand","embeddable":true,"href":"https:\/\/odlicno.si\/hr\/wp-json\/wp\/v2\/product_brand?post=8510"},{"taxonomy":"product_cat","embeddable":true,"href":"https:\/\/odlicno.si\/hr\/wp-json\/wp\/v2\/product_cat?post=8510"},{"taxonomy":"product_tag","embeddable":true,"href":"https:\/\/odlicno.si\/hr\/wp-json\/wp\/v2\/product_tag?post=8510"}],"curies":[{"name":"wp","href":"https:\/\/api.w.org\/{rel}","templated":true}]}}