{"id":8505,"date":"2024-12-02T11:42:35","date_gmt":"2024-12-02T10:42:35","guid":{"rendered":"https:\/\/odlicno.mojwww.si\/?post_type=product&#038;p=8505"},"modified":"2024-12-03T17:00:56","modified_gmt":"2024-12-03T16:00:56","slug":"grozdice-sultana-odlicno-1000-g","status":"publish","type":"product","link":"https:\/\/odlicno.si\/hr\/proizvodi\/500-g-1000-g-hr\/grozdice-sultana-odlicno-1000-g\/","title":{"rendered":"Gro\u017e\u0111ice sultana Odli\u010dno, 1000 g"},"content":{"rendered":"<p>Slatko &#8211; kiselkaste gro\u017e\u0111ice sultana neophodan su dodatak prilikom pe\u010denja orahnja\u010de i drugih kola\u010da, u mje\u0161avinama s ora\u0161\u010di\u0107ima, kao i u nekim orijentalnim mesnim jelima.<\/p>\n","protected":false},"excerpt":{"rendered":"<p>Slatko &#8211; kiselkaste gro\u017e\u0111ice sultana neophodan su dodatak prilikom pe\u010denja orahnja\u010de i drugih kola\u010da, u mje\u0161avinama s ora\u0161\u010di\u0107ima, kao i u nekim orijentalnim mesnim jelima.<\/p>\n","protected":false},"featured_media":10203,"template":"","meta":{"_acf_changed":false},"product_brand":[],"product_cat":[292,259,265,123,271],"product_tag":[],"class_list":{"0":"post-8505","1":"product","2":"type-product","3":"status-publish","4":"has-post-thumbnail","6":"product_cat-500-g-1000-g-hr","7":"product_cat-kuhanje","8":"product_cat-pecenje","9":"product_cat-suho-voce","10":"product_cat-za-opskrbu-jer-se-isplati","12":"first","13":"instock","14":"taxable","15":"shipping-taxable","16":"purchasable","17":"product-type-simple"},"acf":[],"mb":[],"jetpack_sharing_enabled":true,"mfb_rest_fields":["title","jetpack_sharing_enabled"],"_links":{"self":[{"href":"https:\/\/odlicno.si\/hr\/wp-json\/wp\/v2\/product\/8505","targetHints":{"allow":["GET"]}}],"collection":[{"href":"https:\/\/odlicno.si\/hr\/wp-json\/wp\/v2\/product"}],"about":[{"href":"https:\/\/odlicno.si\/hr\/wp-json\/wp\/v2\/types\/product"}],"wp:featuredmedia":[{"embeddable":true,"href":"https:\/\/odlicno.si\/hr\/wp-json\/wp\/v2\/media\/10203"}],"wp:attachment":[{"href":"https:\/\/odlicno.si\/hr\/wp-json\/wp\/v2\/media?parent=8505"}],"wp:term":[{"taxonomy":"product_brand","embeddable":true,"href":"https:\/\/odlicno.si\/hr\/wp-json\/wp\/v2\/product_brand?post=8505"},{"taxonomy":"product_cat","embeddable":true,"href":"https:\/\/odlicno.si\/hr\/wp-json\/wp\/v2\/product_cat?post=8505"},{"taxonomy":"product_tag","embeddable":true,"href":"https:\/\/odlicno.si\/hr\/wp-json\/wp\/v2\/product_tag?post=8505"}],"curies":[{"name":"wp","href":"https:\/\/api.w.org\/{rel}","templated":true}]}}