{"id":8504,"date":"2024-12-02T11:32:56","date_gmt":"2024-12-02T10:32:56","guid":{"rendered":"https:\/\/odlicno.mojwww.si\/?post_type=product&#038;p=8504"},"modified":"2024-12-03T17:00:56","modified_gmt":"2024-12-03T16:00:56","slug":"grozdice-thompson-odlicno-300-g","status":"publish","type":"product","link":"https:\/\/odlicno.si\/hr\/proizvodi\/100-g-300-g-hr\/grozdice-thompson-odlicno-300-g\/","title":{"rendered":"Gro\u017e\u0111ice Thompson Odli\u010dno, 300 g"},"content":{"rendered":"<p><strong>Prirodno slatke<\/strong> gro\u017e\u0111ice thompson neophodne su u svakoj smo\u010dnici. Koriste se u pe\u010denju slastica ili kao samostalna grickalica.&nbsp;<\/p>\n","protected":false},"excerpt":{"rendered":"<p>Prirodno slatke gro\u017e\u0111ice thompson neophodne su u svakoj smo\u010dnici. Koriste se u pe\u010denju slastica ili kao samostalna grickalica.&nbsp;<\/p>\n","protected":false},"featured_media":4588,"template":"","meta":{"_acf_changed":false},"product_brand":[],"product_cat":[286,259,265,123],"product_tag":[],"class_list":{"0":"post-8504","1":"product","2":"type-product","3":"status-publish","4":"has-post-thumbnail","6":"product_cat-100-g-300-g-hr","7":"product_cat-kuhanje","8":"product_cat-pecenje","9":"product_cat-suho-voce","11":"first","12":"instock","13":"taxable","14":"shipping-taxable","15":"purchasable","16":"product-type-simple"},"acf":[],"mb":[],"jetpack_sharing_enabled":true,"mfb_rest_fields":["title","jetpack_sharing_enabled"],"_links":{"self":[{"href":"https:\/\/odlicno.si\/hr\/wp-json\/wp\/v2\/product\/8504","targetHints":{"allow":["GET"]}}],"collection":[{"href":"https:\/\/odlicno.si\/hr\/wp-json\/wp\/v2\/product"}],"about":[{"href":"https:\/\/odlicno.si\/hr\/wp-json\/wp\/v2\/types\/product"}],"wp:featuredmedia":[{"embeddable":true,"href":"https:\/\/odlicno.si\/hr\/wp-json\/wp\/v2\/media\/4588"}],"wp:attachment":[{"href":"https:\/\/odlicno.si\/hr\/wp-json\/wp\/v2\/media?parent=8504"}],"wp:term":[{"taxonomy":"product_brand","embeddable":true,"href":"https:\/\/odlicno.si\/hr\/wp-json\/wp\/v2\/product_brand?post=8504"},{"taxonomy":"product_cat","embeddable":true,"href":"https:\/\/odlicno.si\/hr\/wp-json\/wp\/v2\/product_cat?post=8504"},{"taxonomy":"product_tag","embeddable":true,"href":"https:\/\/odlicno.si\/hr\/wp-json\/wp\/v2\/product_tag?post=8504"}],"curies":[{"name":"wp","href":"https:\/\/api.w.org\/{rel}","templated":true}]}}