{"id":8503,"date":"2024-12-02T11:42:35","date_gmt":"2024-12-02T10:42:35","guid":{"rendered":"https:\/\/odlicno.mojwww.si\/?post_type=product&#038;p=8503"},"modified":"2024-12-03T17:00:55","modified_gmt":"2024-12-03T16:00:55","slug":"mjesavina-grozdica-i-brusnica-odlicno-250-g","status":"publish","type":"product","link":"https:\/\/odlicno.si\/hr\/proizvodi\/100-g-300-g-hr\/mjesavina-grozdica-i-brusnica-odlicno-250-g\/","title":{"rendered":"Mje\u0161avina gro\u017e\u0111ica i brusnica Odli\u010dno, 250 g"},"content":{"rendered":"<p>\u0160arena mje\u0161avina <strong>triju razli\u010ditih vrsta<\/strong> gro\u017e\u0111ica i brusnica namijenjena je \u0161irokoj upotrebi u svakodnevnoj prehrani, sve od slastica pa do mje\u0161avina za doru\u010dak ili mje\u0161avina s ora\u0161\u010di\u0107ima.&nbsp;<\/p>\n","protected":false},"excerpt":{"rendered":"<p>\u0160arena mje\u0161avina triju razli\u010ditih vrsta gro\u017e\u0111ica i brusnica namijenjena je \u0161irokoj upotrebi u svakodnevnoj prehrani, sve od slastica pa do mje\u0161avina za doru\u010dak ili mje\u0161avina s ora\u0161\u010di\u0107ima.&nbsp;<\/p>\n","protected":false},"featured_media":6122,"template":"","meta":{"_acf_changed":false},"product_brand":[],"product_cat":[286,259,265,123],"product_tag":[],"class_list":{"0":"post-8503","1":"product","2":"type-product","3":"status-publish","4":"has-post-thumbnail","6":"product_cat-100-g-300-g-hr","7":"product_cat-kuhanje","8":"product_cat-pecenje","9":"product_cat-suho-voce","11":"first","12":"instock","13":"taxable","14":"shipping-taxable","15":"purchasable","16":"product-type-simple"},"acf":[],"mb":[],"jetpack_sharing_enabled":true,"mfb_rest_fields":["title","jetpack_sharing_enabled"],"_links":{"self":[{"href":"https:\/\/odlicno.si\/hr\/wp-json\/wp\/v2\/product\/8503","targetHints":{"allow":["GET"]}}],"collection":[{"href":"https:\/\/odlicno.si\/hr\/wp-json\/wp\/v2\/product"}],"about":[{"href":"https:\/\/odlicno.si\/hr\/wp-json\/wp\/v2\/types\/product"}],"wp:featuredmedia":[{"embeddable":true,"href":"https:\/\/odlicno.si\/hr\/wp-json\/wp\/v2\/media\/6122"}],"wp:attachment":[{"href":"https:\/\/odlicno.si\/hr\/wp-json\/wp\/v2\/media?parent=8503"}],"wp:term":[{"taxonomy":"product_brand","embeddable":true,"href":"https:\/\/odlicno.si\/hr\/wp-json\/wp\/v2\/product_brand?post=8503"},{"taxonomy":"product_cat","embeddable":true,"href":"https:\/\/odlicno.si\/hr\/wp-json\/wp\/v2\/product_cat?post=8503"},{"taxonomy":"product_tag","embeddable":true,"href":"https:\/\/odlicno.si\/hr\/wp-json\/wp\/v2\/product_tag?post=8503"}],"curies":[{"name":"wp","href":"https:\/\/api.w.org\/{rel}","templated":true}]}}