{"id":8502,"date":"2024-12-02T11:32:56","date_gmt":"2024-12-02T10:32:56","guid":{"rendered":"https:\/\/odlicno.mojwww.si\/?post_type=product&#038;p=8502"},"modified":"2026-02-02T12:08:20","modified_gmt":"2026-02-02T11:08:20","slug":"suha-sljiva-bez-kostica-odlicno-500-g","status":"publish","type":"product","link":"https:\/\/odlicno.si\/hr\/proizvodi\/300-g-500-g-hr\/suha-sljiva-bez-kostica-odlicno-500-g\/","title":{"rendered":"\u0160ljive bez ko\u0161tica Excellent 500 g"},"content":{"rendered":"<p>So\u010dne, meke i prirodno slatke suhe \u0161ljive svima su nam dobro poznate i odli\u010dan su izbor za svakodnevnu prehranu. Mo\u017eete ih jesti direktno ili ih namo\u010diti prije upotrebe.<\/p>\n<p>Odli\u010dno se sla\u017eu s razli\u010ditim vrstama \u017eitarica za doru\u010dak, mogu se koristiti i za pe\u010denje ili puniti svje\u017eim sirom. Mogu\u0107nosti su beskrajne!<\/p>\n<blockquote><p>Visok sadr\u017eaj dijetalnih vlakana!<\/p><\/blockquote>\n","protected":false},"excerpt":{"rendered":"<p>So\u010dne, meke i prirodno slatke suhe \u0161ljive svima su nam dobro poznate i odli\u010dan su izbor za svakodnevnu prehranu. Mo\u017eete ih jesti direktno ili ih namo\u010diti prije upotrebe. Odli\u010dno se sla\u017eu s razli\u010ditim vrstama \u017eitarica za doru\u010dak, mogu se koristiti i za pe\u010denje ili puniti svje\u017eim sirom. Mogu\u0107nosti su beskrajne! Visok sadr\u017eaj dijetalnih vlakana!<\/p>\n","protected":false},"featured_media":4816,"template":"","meta":{"_acf_changed":false},"product_brand":[],"product_cat":[289,259,265,123],"product_tag":[],"class_list":{"0":"post-8502","1":"product","2":"type-product","3":"status-publish","4":"has-post-thumbnail","6":"product_cat-300-g-500-g-hr","7":"product_cat-kuhanje","8":"product_cat-pecenje","9":"product_cat-suho-voce","11":"first","12":"instock","13":"taxable","14":"shipping-taxable","15":"purchasable","16":"product-type-simple"},"acf":[],"mb":[],"jetpack_sharing_enabled":true,"mfb_rest_fields":["title","jetpack_sharing_enabled"],"_links":{"self":[{"href":"https:\/\/odlicno.si\/hr\/wp-json\/wp\/v2\/product\/8502","targetHints":{"allow":["GET"]}}],"collection":[{"href":"https:\/\/odlicno.si\/hr\/wp-json\/wp\/v2\/product"}],"about":[{"href":"https:\/\/odlicno.si\/hr\/wp-json\/wp\/v2\/types\/product"}],"wp:featuredmedia":[{"embeddable":true,"href":"https:\/\/odlicno.si\/hr\/wp-json\/wp\/v2\/media\/4816"}],"wp:attachment":[{"href":"https:\/\/odlicno.si\/hr\/wp-json\/wp\/v2\/media?parent=8502"}],"wp:term":[{"taxonomy":"product_brand","embeddable":true,"href":"https:\/\/odlicno.si\/hr\/wp-json\/wp\/v2\/product_brand?post=8502"},{"taxonomy":"product_cat","embeddable":true,"href":"https:\/\/odlicno.si\/hr\/wp-json\/wp\/v2\/product_cat?post=8502"},{"taxonomy":"product_tag","embeddable":true,"href":"https:\/\/odlicno.si\/hr\/wp-json\/wp\/v2\/product_tag?post=8502"}],"curies":[{"name":"wp","href":"https:\/\/api.w.org\/{rel}","templated":true}]}}