{"id":8501,"date":"2024-12-02T11:32:56","date_gmt":"2024-12-02T10:32:56","guid":{"rendered":"https:\/\/odlicno.mojwww.si\/?post_type=product&#038;p=8501"},"modified":"2026-02-02T12:10:08","modified_gmt":"2026-02-02T11:10:08","slug":"suha-sljiva-bez-kostica-odlicno-250-g","status":"publish","type":"product","link":"https:\/\/odlicno.si\/hr\/proizvodi\/100-g-300-g-hr\/suha-sljiva-bez-kostica-odlicno-250-g\/","title":{"rendered":"Suhe slive brez ko\u0161\u010dic Odli\u010dno 250 g"},"content":{"rendered":"<p>So\u010dne, meke i prirodno slatke suhe \u0161ljive svima su nam dobro poznate i odli\u010dan su izbor za svakodnevnu prehranu. Mo\u017eete ih jesti izravno ili potopiti prije upotrebe.<\/p>\n<p>Odli\u010dno se sla\u017eu s razli\u010ditim vrstama \u017eitarica za doru\u010dak, mogu se koristiti i za pe\u010denje ili puniti svje\u017eim sirom. Mogu\u0107nosti su beskrajne!<\/p>\n<p><strong>Prona\u0111ite inspiraciju me\u0111u receptima:<\/strong><\/p>\n<ul>\n<li><a href=\"https:\/\/odlicno.si\/blog\/domac-lesnikov-namaz-s-slivami\/\">Doma\u010d le\u0161nikov namaz s slivami<\/a><\/li>\n<\/ul>\n","protected":false},"excerpt":{"rendered":"<p>So\u010dne, meke i prirodno slatke suhe \u0161ljive svima su nam dobro poznate i odli\u010dan su izbor za svakodnevnu prehranu. Mo\u017eete ih jesti izravno ili potopiti prije upotrebe. Odli\u010dno se sla\u017eu s razli\u010ditim vrstama \u017eitarica za doru\u010dak, mogu se koristiti i za pe\u010denje ili puniti svje\u017eim sirom. Mogu\u0107nosti su beskrajne! Prona\u0111ite inspiraciju me\u0111u receptima: Doma\u010d le\u0161nikov [&hellip;]<\/p>\n","protected":false},"featured_media":9526,"template":"","meta":{"_acf_changed":false},"product_brand":[],"product_cat":[286,259,265,304,123,256,268],"product_tag":[],"class_list":{"0":"post-8501","1":"product","2":"type-product","3":"status-publish","4":"has-post-thumbnail","6":"product_cat-100-g-300-g-hr","7":"product_cat-kuhanje","8":"product_cat-pecenje","9":"product_cat-prodajni-hiti","10":"product_cat-suho-voce","11":"product_cat-za-izlete-lutanja","12":"product_cat-zabava-dogadanja","14":"first","15":"instock","16":"taxable","17":"shipping-taxable","18":"purchasable","19":"product-type-simple"},"acf":[],"mb":[],"jetpack_sharing_enabled":true,"mfb_rest_fields":["title","jetpack_sharing_enabled"],"_links":{"self":[{"href":"https:\/\/odlicno.si\/hr\/wp-json\/wp\/v2\/product\/8501","targetHints":{"allow":["GET"]}}],"collection":[{"href":"https:\/\/odlicno.si\/hr\/wp-json\/wp\/v2\/product"}],"about":[{"href":"https:\/\/odlicno.si\/hr\/wp-json\/wp\/v2\/types\/product"}],"wp:featuredmedia":[{"embeddable":true,"href":"https:\/\/odlicno.si\/hr\/wp-json\/wp\/v2\/media\/9526"}],"wp:attachment":[{"href":"https:\/\/odlicno.si\/hr\/wp-json\/wp\/v2\/media?parent=8501"}],"wp:term":[{"taxonomy":"product_brand","embeddable":true,"href":"https:\/\/odlicno.si\/hr\/wp-json\/wp\/v2\/product_brand?post=8501"},{"taxonomy":"product_cat","embeddable":true,"href":"https:\/\/odlicno.si\/hr\/wp-json\/wp\/v2\/product_cat?post=8501"},{"taxonomy":"product_tag","embeddable":true,"href":"https:\/\/odlicno.si\/hr\/wp-json\/wp\/v2\/product_tag?post=8501"}],"curies":[{"name":"wp","href":"https:\/\/api.w.org\/{rel}","templated":true}]}}