{"id":8500,"date":"2024-12-02T11:32:56","date_gmt":"2024-12-02T10:32:56","guid":{"rendered":"https:\/\/odlicno.mojwww.si\/?post_type=product&#038;p=8500"},"modified":"2024-12-03T17:00:54","modified_gmt":"2024-12-03T16:00:54","slug":"przeni-kikiriki-bez-dodanog-ulja-soli-odlicno-200-g","status":"publish","type":"product","link":"https:\/\/odlicno.si\/hr\/proizvodi\/mjesavine-i-grickalice\/grickalice\/przeni-kikiriki-bez-dodanog-ulja-soli-odlicno-200-g\/","title":{"rendered":"Pr\u017eeni kikiriki bez dodanog ulja &amp; soli Odli\u010dno, 200 g"},"content":{"rendered":"<p>Kikiriki je <strong>pr\u017een vru\u0107im zrakom<\/strong>, hrskav i odli\u010dnog je okusa. Proizvod je u potpunosti <strong>bez aditiva.<\/strong> Kikiriki je prikladan za grickanje, izradu kikiriki maslaca ili za pripremu razli\u010ditih jela i slastica.<\/p>\n","protected":false},"excerpt":{"rendered":"<p>Kikiriki je pr\u017een vru\u0107im zrakom, hrskav i odli\u010dnog je okusa. Proizvod je u potpunosti bez aditiva. Kikiriki je prikladan za grickanje, izradu kikiriki maslaca ili za pripremu razli\u010ditih jela i slastica.<\/p>\n","protected":false},"featured_media":4336,"template":"","meta":{"_acf_changed":false},"product_brand":[],"product_cat":[286,115,118,259,113,117,265,256,268],"product_tag":[],"class_list":{"0":"post-8500","1":"product","2":"type-product","3":"status-publish","4":"has-post-thumbnail","6":"product_cat-100-g-300-g-hr","7":"product_cat-grickalice","8":"product_cat-kikiriki","9":"product_cat-kuhanje","10":"product_cat-mjesavine-i-grickalice","11":"product_cat-orascici-sjemenke","12":"product_cat-pecenje","13":"product_cat-za-izlete-lutanja","14":"product_cat-zabava-dogadanja","16":"first","17":"instock","18":"taxable","19":"shipping-taxable","20":"purchasable","21":"product-type-simple"},"acf":[],"mb":[],"jetpack_sharing_enabled":true,"mfb_rest_fields":["title","jetpack_sharing_enabled"],"_links":{"self":[{"href":"https:\/\/odlicno.si\/hr\/wp-json\/wp\/v2\/product\/8500","targetHints":{"allow":["GET"]}}],"collection":[{"href":"https:\/\/odlicno.si\/hr\/wp-json\/wp\/v2\/product"}],"about":[{"href":"https:\/\/odlicno.si\/hr\/wp-json\/wp\/v2\/types\/product"}],"wp:featuredmedia":[{"embeddable":true,"href":"https:\/\/odlicno.si\/hr\/wp-json\/wp\/v2\/media\/4336"}],"wp:attachment":[{"href":"https:\/\/odlicno.si\/hr\/wp-json\/wp\/v2\/media?parent=8500"}],"wp:term":[{"taxonomy":"product_brand","embeddable":true,"href":"https:\/\/odlicno.si\/hr\/wp-json\/wp\/v2\/product_brand?post=8500"},{"taxonomy":"product_cat","embeddable":true,"href":"https:\/\/odlicno.si\/hr\/wp-json\/wp\/v2\/product_cat?post=8500"},{"taxonomy":"product_tag","embeddable":true,"href":"https:\/\/odlicno.si\/hr\/wp-json\/wp\/v2\/product_tag?post=8500"}],"curies":[{"name":"wp","href":"https:\/\/api.w.org\/{rel}","templated":true}]}}