{"id":8498,"date":"2024-12-02T11:42:34","date_gmt":"2024-12-02T10:42:34","guid":{"rendered":"https:\/\/odlicno.mojwww.si\/?post_type=product&#038;p=8498"},"modified":"2024-12-03T17:00:53","modified_gmt":"2024-12-03T16:00:53","slug":"przeni-slani-kikiriki-odlicno-500-g","status":"publish","type":"product","link":"https:\/\/odlicno.si\/hr\/proizvodi\/mjesavine-i-grickalice\/grickalice\/przeni-slani-kikiriki-odlicno-500-g\/","title":{"rendered":"Pr\u017eeni &amp; slani kikiriki Odli\u010dno, 500 g"},"content":{"rendered":"<p class=\"text-align-justify\">Pe\u010deni i slani kikiriki izvrstan su hrskavi me\u0111uobrok za svaku priliku. Kikiriki je pr\u017een na suncokretovom ulju i posoljen, \u0161to mu daje bogat okus i ugodnu teksturu. Pogodni su za u\u017eivanje na raznim doga\u0111anjima, kao \u0161to su dru\u017eenja, grickalice u pokretu ili jednostavno kao me\u0111uobrok izme\u0111u obroka.<\/p>\n<blockquote>\n<p class=\"text-align-justify\">Za svaku dobru zabavu i dru\u017eenje!<\/p>\n<\/blockquote>\n","protected":false},"excerpt":{"rendered":"<p>Pe\u010deni i slani kikiriki izvrstan su hrskavi me\u0111uobrok za svaku priliku. Kikiriki je pr\u017een na suncokretovom ulju i posoljen, \u0161to mu daje bogat okus i ugodnu teksturu. Pogodni su za u\u017eivanje na raznim doga\u0111anjima, kao \u0161to su dru\u017eenja, grickalice u pokretu ili jednostavno kao me\u0111uobrok izme\u0111u obroka. Za svaku dobru zabavu i dru\u017eenje!<\/p>\n","protected":false},"featured_media":6114,"template":"","meta":{"_acf_changed":false},"product_brand":[],"product_cat":[292,115,118,259,113,117,256,268],"product_tag":[],"class_list":{"0":"post-8498","1":"product","2":"type-product","3":"status-publish","4":"has-post-thumbnail","6":"product_cat-500-g-1000-g-hr","7":"product_cat-grickalice","8":"product_cat-kikiriki","9":"product_cat-kuhanje","10":"product_cat-mjesavine-i-grickalice","11":"product_cat-orascici-sjemenke","12":"product_cat-za-izlete-lutanja","13":"product_cat-zabava-dogadanja","15":"first","16":"instock","17":"taxable","18":"shipping-taxable","19":"purchasable","20":"product-type-simple"},"acf":[],"mb":[],"jetpack_sharing_enabled":true,"mfb_rest_fields":["title","jetpack_sharing_enabled"],"_links":{"self":[{"href":"https:\/\/odlicno.si\/hr\/wp-json\/wp\/v2\/product\/8498","targetHints":{"allow":["GET"]}}],"collection":[{"href":"https:\/\/odlicno.si\/hr\/wp-json\/wp\/v2\/product"}],"about":[{"href":"https:\/\/odlicno.si\/hr\/wp-json\/wp\/v2\/types\/product"}],"wp:featuredmedia":[{"embeddable":true,"href":"https:\/\/odlicno.si\/hr\/wp-json\/wp\/v2\/media\/6114"}],"wp:attachment":[{"href":"https:\/\/odlicno.si\/hr\/wp-json\/wp\/v2\/media?parent=8498"}],"wp:term":[{"taxonomy":"product_brand","embeddable":true,"href":"https:\/\/odlicno.si\/hr\/wp-json\/wp\/v2\/product_brand?post=8498"},{"taxonomy":"product_cat","embeddable":true,"href":"https:\/\/odlicno.si\/hr\/wp-json\/wp\/v2\/product_cat?post=8498"},{"taxonomy":"product_tag","embeddable":true,"href":"https:\/\/odlicno.si\/hr\/wp-json\/wp\/v2\/product_tag?post=8498"}],"curies":[{"name":"wp","href":"https:\/\/api.w.org\/{rel}","templated":true}]}}