{"id":8497,"date":"2024-12-02T11:42:34","date_gmt":"2024-12-02T10:42:34","guid":{"rendered":"https:\/\/odlicno.mojwww.si\/?post_type=product&#038;p=8497"},"modified":"2024-12-03T17:00:52","modified_gmt":"2024-12-03T16:00:52","slug":"przeni-slani-kikiriki-odlicno-1000-g","status":"publish","type":"product","link":"https:\/\/odlicno.si\/hr\/proizvodi\/mjesavine-i-grickalice\/grickalice\/przeni-slani-kikiriki-odlicno-1000-g\/","title":{"rendered":"Pr\u017eeni &amp; slani kikiriki Odli\u010dno, 1000 g"},"content":{"rendered":"<p>Kikiriki je pr\u017een u odr\u017eivo proizvedenom suncokretovo ulju. Odli\u010dna grickalica za sve prilike.<\/p>\n","protected":false},"excerpt":{"rendered":"<p>Kikiriki je pr\u017een u odr\u017eivo proizvedenom suncokretovo ulju. Odli\u010dna grickalica za sve prilike.<\/p>\n","protected":false},"featured_media":9957,"template":"","meta":{"_acf_changed":false},"product_brand":[],"product_cat":[292,115,118,259,113,117,265,271,268],"product_tag":[],"class_list":{"0":"post-8497","1":"product","2":"type-product","3":"status-publish","4":"has-post-thumbnail","6":"product_cat-500-g-1000-g-hr","7":"product_cat-grickalice","8":"product_cat-kikiriki","9":"product_cat-kuhanje","10":"product_cat-mjesavine-i-grickalice","11":"product_cat-orascici-sjemenke","12":"product_cat-pecenje","13":"product_cat-za-opskrbu-jer-se-isplati","14":"product_cat-zabava-dogadanja","16":"first","17":"instock","18":"taxable","19":"shipping-taxable","20":"purchasable","21":"product-type-simple"},"acf":[],"mb":[],"jetpack_sharing_enabled":true,"mfb_rest_fields":["title","jetpack_sharing_enabled"],"_links":{"self":[{"href":"https:\/\/odlicno.si\/hr\/wp-json\/wp\/v2\/product\/8497","targetHints":{"allow":["GET"]}}],"collection":[{"href":"https:\/\/odlicno.si\/hr\/wp-json\/wp\/v2\/product"}],"about":[{"href":"https:\/\/odlicno.si\/hr\/wp-json\/wp\/v2\/types\/product"}],"wp:featuredmedia":[{"embeddable":true,"href":"https:\/\/odlicno.si\/hr\/wp-json\/wp\/v2\/media\/9957"}],"wp:attachment":[{"href":"https:\/\/odlicno.si\/hr\/wp-json\/wp\/v2\/media?parent=8497"}],"wp:term":[{"taxonomy":"product_brand","embeddable":true,"href":"https:\/\/odlicno.si\/hr\/wp-json\/wp\/v2\/product_brand?post=8497"},{"taxonomy":"product_cat","embeddable":true,"href":"https:\/\/odlicno.si\/hr\/wp-json\/wp\/v2\/product_cat?post=8497"},{"taxonomy":"product_tag","embeddable":true,"href":"https:\/\/odlicno.si\/hr\/wp-json\/wp\/v2\/product_tag?post=8497"}],"curies":[{"name":"wp","href":"https:\/\/api.w.org\/{rel}","templated":true}]}}