{"id":8496,"date":"2024-12-02T11:42:13","date_gmt":"2024-12-02T10:42:13","guid":{"rendered":"https:\/\/odlicno.mojwww.si\/?post_type=product&#038;p=8496"},"modified":"2024-12-03T17:00:51","modified_gmt":"2024-12-03T16:00:51","slug":"makadamija-odlicno-100-g","status":"publish","type":"product","link":"https:\/\/odlicno.si\/hr\/proizvodi\/orascici-sjemenke\/orascici\/makadamija-odlicno-100-g\/","title":{"rendered":"Makadamija Odli\u010dno, 100 g"},"content":{"rendered":"<p>Ora\u0161\u010di\u0107i makadamije odli\u010dan su dodatak razli\u010ditim slatkim i slanim jelima, a odli\u010dni su i kao samostalna grickalica. Proizvod <strong>ne sadr\u017ei aditive.<\/strong><\/p>\n<p style=\"margin-bottom:11px\"><span style=\"font-size:11pt\"><span style=\"line-height:107%\"><span style=\"font-family:Calibri,sans-serif\">Sni\u017eena cijena je va\u017ee\u0107a za proizvode najmanje upotrebljive do 30.11.2022.<\/span><\/span><\/span><\/p>\n","protected":false},"excerpt":{"rendered":"<p>Ora\u0161\u010di\u0107i makadamije odli\u010dan su dodatak razli\u010ditim slatkim i slanim jelima, a odli\u010dni su i kao samostalna grickalica. Proizvod ne sadr\u017ei aditive. Sni\u017eena cijena je va\u017ee\u0107a za proizvode najmanje upotrebljive do 30.11.2022.<\/p>\n","protected":false},"featured_media":6106,"template":"","meta":{"_acf_changed":false},"product_brand":[],"product_cat":[284,259,119,117,265,256],"product_tag":[],"class_list":{"0":"post-8496","1":"product","2":"type-product","3":"status-publish","4":"has-post-thumbnail","6":"product_cat-60-g-100-g-hr","7":"product_cat-kuhanje","8":"product_cat-orascici","9":"product_cat-orascici-sjemenke","10":"product_cat-pecenje","11":"product_cat-za-izlete-lutanja","13":"first","14":"instock","15":"taxable","16":"shipping-taxable","17":"purchasable","18":"product-type-simple"},"acf":[],"mb":[],"jetpack_sharing_enabled":true,"mfb_rest_fields":["title","jetpack_sharing_enabled"],"_links":{"self":[{"href":"https:\/\/odlicno.si\/hr\/wp-json\/wp\/v2\/product\/8496","targetHints":{"allow":["GET"]}}],"collection":[{"href":"https:\/\/odlicno.si\/hr\/wp-json\/wp\/v2\/product"}],"about":[{"href":"https:\/\/odlicno.si\/hr\/wp-json\/wp\/v2\/types\/product"}],"wp:featuredmedia":[{"embeddable":true,"href":"https:\/\/odlicno.si\/hr\/wp-json\/wp\/v2\/media\/6106"}],"wp:attachment":[{"href":"https:\/\/odlicno.si\/hr\/wp-json\/wp\/v2\/media?parent=8496"}],"wp:term":[{"taxonomy":"product_brand","embeddable":true,"href":"https:\/\/odlicno.si\/hr\/wp-json\/wp\/v2\/product_brand?post=8496"},{"taxonomy":"product_cat","embeddable":true,"href":"https:\/\/odlicno.si\/hr\/wp-json\/wp\/v2\/product_cat?post=8496"},{"taxonomy":"product_tag","embeddable":true,"href":"https:\/\/odlicno.si\/hr\/wp-json\/wp\/v2\/product_tag?post=8496"}],"curies":[{"name":"wp","href":"https:\/\/api.w.org\/{rel}","templated":true}]}}