{"id":8493,"date":"2024-12-02T11:42:13","date_gmt":"2024-12-02T10:42:13","guid":{"rendered":"https:\/\/odlicno.mojwww.si\/?post_type=product&#038;p=8493"},"modified":"2024-12-03T17:00:49","modified_gmt":"2024-12-03T16:00:49","slug":"blansirani-bademi-odlicno-100-g","status":"publish","type":"product","link":"https:\/\/odlicno.si\/hr\/proizvodi\/orascici-sjemenke\/orascici\/blansirani-bademi-odlicno-100-g\/","title":{"rendered":"Blan\u0161irani bademi Odli\u010dno, 100 g"},"content":{"rendered":"<p>Blan\u0161irani bademi nje\u017enog su okusa, a koriste se prije svega u pripremi kola\u010da i slatki\u0161a.<\/p>\n","protected":false},"excerpt":{"rendered":"<p>Blan\u0161irani bademi nje\u017enog su okusa, a koriste se prije svega u pripremi kola\u010da i slatki\u0161a.<\/p>\n","protected":false},"featured_media":6091,"template":"","meta":{"_acf_changed":false},"product_brand":[],"product_cat":[284,259,119,117,265],"product_tag":[],"class_list":{"0":"post-8493","1":"product","2":"type-product","3":"status-publish","4":"has-post-thumbnail","6":"product_cat-60-g-100-g-hr","7":"product_cat-kuhanje","8":"product_cat-orascici","9":"product_cat-orascici-sjemenke","10":"product_cat-pecenje","12":"first","13":"instock","14":"taxable","15":"shipping-taxable","16":"purchasable","17":"product-type-simple"},"acf":[],"mb":[],"jetpack_sharing_enabled":true,"mfb_rest_fields":["title","jetpack_sharing_enabled"],"_links":{"self":[{"href":"https:\/\/odlicno.si\/hr\/wp-json\/wp\/v2\/product\/8493","targetHints":{"allow":["GET"]}}],"collection":[{"href":"https:\/\/odlicno.si\/hr\/wp-json\/wp\/v2\/product"}],"about":[{"href":"https:\/\/odlicno.si\/hr\/wp-json\/wp\/v2\/types\/product"}],"wp:featuredmedia":[{"embeddable":true,"href":"https:\/\/odlicno.si\/hr\/wp-json\/wp\/v2\/media\/6091"}],"wp:attachment":[{"href":"https:\/\/odlicno.si\/hr\/wp-json\/wp\/v2\/media?parent=8493"}],"wp:term":[{"taxonomy":"product_brand","embeddable":true,"href":"https:\/\/odlicno.si\/hr\/wp-json\/wp\/v2\/product_brand?post=8493"},{"taxonomy":"product_cat","embeddable":true,"href":"https:\/\/odlicno.si\/hr\/wp-json\/wp\/v2\/product_cat?post=8493"},{"taxonomy":"product_tag","embeddable":true,"href":"https:\/\/odlicno.si\/hr\/wp-json\/wp\/v2\/product_tag?post=8493"}],"curies":[{"name":"wp","href":"https:\/\/api.w.org\/{rel}","templated":true}]}}