{"id":8491,"date":"2024-12-02T11:32:55","date_gmt":"2024-12-02T10:32:55","guid":{"rendered":"https:\/\/odlicno.mojwww.si\/?post_type=product&#038;p=8491"},"modified":"2024-12-03T17:00:48","modified_gmt":"2024-12-03T16:00:48","slug":"orah-jezgra-odlicno-500-g","status":"publish","type":"product","link":"https:\/\/odlicno.si\/hr\/proizvodi\/orascici-sjemenke\/orascici\/orah-jezgra-odlicno-500-g\/","title":{"rendered":"Orah jezgra Odli\u010dno, 500 g"},"content":{"rendered":"<p>Jezgra oraha punog je okusa, a osim uobi\u010dajene upotrebe prilikom pripreme kola\u010da (prije svega orahnja\u010de) preporu\u010dujemo je i u glavnim jelima te za pobolj\u0161anje teksture salata. Proizvod <strong>ne sadr\u017ei aditive.<\/strong><\/p>\n","protected":false},"excerpt":{"rendered":"<p>Jezgra oraha punog je okusa, a osim uobi\u010dajene upotrebe prilikom pripreme kola\u010da (prije svega orahnja\u010de) preporu\u010dujemo je i u glavnim jelima te za pobolj\u0161anje teksture salata. Proizvod ne sadr\u017ei aditive.<\/p>\n","protected":false},"featured_media":4444,"template":"","meta":{"_acf_changed":false},"product_brand":[],"product_cat":[289,259,119,117,265],"product_tag":[],"class_list":{"0":"post-8491","1":"product","2":"type-product","3":"status-publish","4":"has-post-thumbnail","6":"product_cat-300-g-500-g-hr","7":"product_cat-kuhanje","8":"product_cat-orascici","9":"product_cat-orascici-sjemenke","10":"product_cat-pecenje","12":"first","13":"instock","14":"taxable","15":"shipping-taxable","16":"purchasable","17":"product-type-simple"},"acf":[],"mb":[],"jetpack_sharing_enabled":true,"mfb_rest_fields":["title","jetpack_sharing_enabled"],"_links":{"self":[{"href":"https:\/\/odlicno.si\/hr\/wp-json\/wp\/v2\/product\/8491","targetHints":{"allow":["GET"]}}],"collection":[{"href":"https:\/\/odlicno.si\/hr\/wp-json\/wp\/v2\/product"}],"about":[{"href":"https:\/\/odlicno.si\/hr\/wp-json\/wp\/v2\/types\/product"}],"wp:featuredmedia":[{"embeddable":true,"href":"https:\/\/odlicno.si\/hr\/wp-json\/wp\/v2\/media\/4444"}],"wp:attachment":[{"href":"https:\/\/odlicno.si\/hr\/wp-json\/wp\/v2\/media?parent=8491"}],"wp:term":[{"taxonomy":"product_brand","embeddable":true,"href":"https:\/\/odlicno.si\/hr\/wp-json\/wp\/v2\/product_brand?post=8491"},{"taxonomy":"product_cat","embeddable":true,"href":"https:\/\/odlicno.si\/hr\/wp-json\/wp\/v2\/product_cat?post=8491"},{"taxonomy":"product_tag","embeddable":true,"href":"https:\/\/odlicno.si\/hr\/wp-json\/wp\/v2\/product_tag?post=8491"}],"curies":[{"name":"wp","href":"https:\/\/api.w.org\/{rel}","templated":true}]}}