{"id":8484,"date":"2024-12-02T11:42:12","date_gmt":"2024-12-02T10:42:12","guid":{"rendered":"https:\/\/odlicno.mojwww.si\/?post_type=product&#038;p=8484"},"modified":"2024-12-03T17:00:43","modified_gmt":"2024-12-03T16:00:43","slug":"sjemenke-bundeve-odlicno-200-g","status":"publish","type":"product","link":"https:\/\/odlicno.si\/hr\/proizvodi\/orascici-sjemenke\/sjemenke\/sjemenke-bundeve-odlicno-200-g\/","title":{"rendered":"Sjemenke bundeve Odli\u010dno, 200 g"},"content":{"rendered":"<p>Su\u0161ene sjemenke bundeve odli\u010dnog su prirodnog okusa i imaju svestranu upotrebu u svakodnevnoj prehrani. Proizvod<strong> ne sadr\u017ei aditive.<\/strong><\/p>\n","protected":false},"excerpt":{"rendered":"<p>Su\u0161ene sjemenke bundeve odli\u010dnog su prirodnog okusa i imaju svestranu upotrebu u svakodnevnoj prehrani. Proizvod ne sadr\u017ei aditive.<\/p>\n","protected":false},"featured_media":6071,"template":"","meta":{"_acf_changed":false},"product_brand":[],"product_cat":[286,117,265,120],"product_tag":[],"class_list":{"0":"post-8484","1":"product","2":"type-product","3":"status-publish","4":"has-post-thumbnail","6":"product_cat-100-g-300-g-hr","7":"product_cat-orascici-sjemenke","8":"product_cat-pecenje","9":"product_cat-sjemenke","11":"first","12":"instock","13":"taxable","14":"shipping-taxable","15":"purchasable","16":"product-type-simple"},"acf":[],"mb":[],"jetpack_sharing_enabled":true,"mfb_rest_fields":["title","jetpack_sharing_enabled"],"_links":{"self":[{"href":"https:\/\/odlicno.si\/hr\/wp-json\/wp\/v2\/product\/8484","targetHints":{"allow":["GET"]}}],"collection":[{"href":"https:\/\/odlicno.si\/hr\/wp-json\/wp\/v2\/product"}],"about":[{"href":"https:\/\/odlicno.si\/hr\/wp-json\/wp\/v2\/types\/product"}],"wp:featuredmedia":[{"embeddable":true,"href":"https:\/\/odlicno.si\/hr\/wp-json\/wp\/v2\/media\/6071"}],"wp:attachment":[{"href":"https:\/\/odlicno.si\/hr\/wp-json\/wp\/v2\/media?parent=8484"}],"wp:term":[{"taxonomy":"product_brand","embeddable":true,"href":"https:\/\/odlicno.si\/hr\/wp-json\/wp\/v2\/product_brand?post=8484"},{"taxonomy":"product_cat","embeddable":true,"href":"https:\/\/odlicno.si\/hr\/wp-json\/wp\/v2\/product_cat?post=8484"},{"taxonomy":"product_tag","embeddable":true,"href":"https:\/\/odlicno.si\/hr\/wp-json\/wp\/v2\/product_tag?post=8484"}],"curies":[{"name":"wp","href":"https:\/\/api.w.org\/{rel}","templated":true}]}}