{"id":8481,"date":"2024-12-02T11:32:31","date_gmt":"2024-12-02T10:32:31","guid":{"rendered":"https:\/\/odlicno.mojwww.si\/?post_type=product&#038;p=8481"},"modified":"2024-12-03T17:00:42","modified_gmt":"2024-12-03T16:00:42","slug":"sjemenke-sezama-odlicno-1000-g","status":"publish","type":"product","link":"https:\/\/odlicno.si\/hr\/proizvodi\/orascici-sjemenke\/sjemenke\/sjemenke-sezama-odlicno-1000-g\/","title":{"rendered":"Sjemenke sezama Odli\u010dno, 1000 g"},"content":{"rendered":"<p>Sitne sjemenke sezama intenzivnog su okusa, stoga su &nbsp;obavezne u svakoj smo\u010dnici. Preporu\u010dujemo ih prilikom pe\u010denja kruha i slanog peciva, pripreme glavnih jela ili u kombinaciji sa slasticama koje sadr\u017ee karamelu. Proizvod <strong>ne sadr\u017ei aditive.<\/strong><\/p>\n","protected":false},"excerpt":{"rendered":"<p>Sitne sjemenke sezama intenzivnog su okusa, stoga su &nbsp;obavezne u svakoj smo\u010dnici. Preporu\u010dujemo ih prilikom pe\u010denja kruha i slanog peciva, pripreme glavnih jela ili u kombinaciji sa slasticama koje sadr\u017ee karamelu. Proizvod ne sadr\u017ei aditive.<\/p>\n","protected":false},"featured_media":10005,"template":"","meta":{"_acf_changed":false},"product_brand":[],"product_cat":[292,236,259,117,265,120,271],"product_tag":[],"class_list":{"0":"post-8481","1":"product","2":"type-product","3":"status-publish","4":"has-post-thumbnail","6":"product_cat-500-g-1000-g-hr","7":"product_cat-akcija-hr","8":"product_cat-kuhanje","9":"product_cat-orascici-sjemenke","10":"product_cat-pecenje","11":"product_cat-sjemenke","12":"product_cat-za-opskrbu-jer-se-isplati","14":"first","15":"instock","16":"sale","17":"taxable","18":"shipping-taxable","19":"purchasable","20":"product-type-simple"},"acf":[],"mb":[],"jetpack_sharing_enabled":true,"mfb_rest_fields":["title","jetpack_sharing_enabled"],"_links":{"self":[{"href":"https:\/\/odlicno.si\/hr\/wp-json\/wp\/v2\/product\/8481","targetHints":{"allow":["GET"]}}],"collection":[{"href":"https:\/\/odlicno.si\/hr\/wp-json\/wp\/v2\/product"}],"about":[{"href":"https:\/\/odlicno.si\/hr\/wp-json\/wp\/v2\/types\/product"}],"wp:featuredmedia":[{"embeddable":true,"href":"https:\/\/odlicno.si\/hr\/wp-json\/wp\/v2\/media\/10005"}],"wp:attachment":[{"href":"https:\/\/odlicno.si\/hr\/wp-json\/wp\/v2\/media?parent=8481"}],"wp:term":[{"taxonomy":"product_brand","embeddable":true,"href":"https:\/\/odlicno.si\/hr\/wp-json\/wp\/v2\/product_brand?post=8481"},{"taxonomy":"product_cat","embeddable":true,"href":"https:\/\/odlicno.si\/hr\/wp-json\/wp\/v2\/product_cat?post=8481"},{"taxonomy":"product_tag","embeddable":true,"href":"https:\/\/odlicno.si\/hr\/wp-json\/wp\/v2\/product_tag?post=8481"}],"curies":[{"name":"wp","href":"https:\/\/api.w.org\/{rel}","templated":true}]}}